{"id":620,"date":"2019-07-08T12:46:40","date_gmt":"2019-07-08T10:46:40","guid":{"rendered":"http:\/\/www.educaria.com\/?page_id=620"},"modified":"2021-11-12T13:07:32","modified_gmt":"2021-11-12T12:07:32","slug":"proteccio-dades","status":"publish","type":"page","link":"https:\/\/www.educaria.com\/ca\/proteccio-dades\/","title":{"rendered":"Protecci\u00f3 de dades"},"content":{"rendered":"<p><div class=\"fusion-fullwidth fullwidth-box fusion-builder-row-1 fusion-parallax-none nonhundred-percent-fullwidth non-hundred-percent-height-scrolling fusion-equal-height-columns\" style=\"--awb-background-position:left top;--awb-background-repeat:repeat-x;--awb-border-radius-top-left:0px;--awb-border-radius-top-right:0px;--awb-border-radius-bottom-right:0px;--awb-border-radius-bottom-left:0px;--awb-padding-top:0px;--awb-padding-right:5%;--awb-padding-bottom:0px;--awb-padding-left:5%;--awb-margin-top:0px;--awb-margin-bottom:0px;--awb-background-color:#e6e7ef;--awb-background-image:url(&quot;http:\/\/www.educaria.com\/wp-content\/uploads\/2019\/06\/img_educaria_bkg_soft-2.png&quot;);--awb-flex-wrap:wrap;\" ><div class=\"fusion-builder-row fusion-row\"><div class=\"fusion-layout-column fusion_builder_column fusion-builder-column-0 fusion_builder_column_1_1 1_1 fusion-one-full fusion-column-first fusion-column-last fusion-animated\" style=\"--awb-bg-size:cover;\" data-animationType=\"fadeInDown\" data-animationDuration=\"0.3\" data-animationOffset=\"top-into-view\"><div class=\"fusion-column-wrapper fusion-column-has-shadow fusion-flex-column-wrapper-legacy\"><div class=\"fusion-text fusion-text-1\"><h4><span style=\"font-size: 32px;\"><strong>Pol\u00edtica de protecci\u00f3 de dades personals<\/strong><\/span><\/h4>\n<\/div><div class=\"fusion-text fusion-text-2 awb-text-cols fusion-text-columns-2\" style=\"--awb-columns:2;--awb-column-spacing:4em;--awb-column-min-width:100px;\" id=\"form_verde\"><p>En compliment del principi de transpar\u00e8ncia i deure d&#8217;informaci\u00f3 establert per la normativa comunit\u00e0ria i nacional vigent en mat\u00e8ria de protecci\u00f3 de dades, <strong>EDUCARIA EURO, S.L.U.<\/strong> procedeix a informar als interessats sobre les circumst\u00e0ncies i condicions del tractament de les seves dades, com tamb\u00e9 sobre els seus drets.<\/p>\n<h3><strong>Qui \u00e9s el responsable del tractament de les vostres dades?<\/strong><\/h3>\n<p>Identitat: Educaria Euro S.L.U.<br \/>\nCIF: B84537653<br \/>\nAdre\u00e7a postal: Calle Bravo Murillo, 377, C.P. 28020 de Madrid (Espa\u00f1a)<br \/>\nTel\u00e8fon: 91 733 20 89<br \/>\nCorreu electr\u00f2nic: <a href=\"mailto:marketing@educaria.com\">marketing@educaria.com<\/a><br \/>\nDelegat de protecci\u00f3 de dades: <a href=\"mailto:dpo@educaria.com\">dpo@educaria.com<\/a><\/p>\n<h3><strong>Amb quina finalitat tractem les vostres dades personals? <\/strong><\/h3>\n<p>A <strong>EDUCARIA <\/strong>tractem la informaci\u00f3 que ens faciliten els nostres usuaris i clients amb la finalitat de:<\/p>\n<ul>\n<li>Prestar els serveis oferts i gestionar i mantenir la relaci\u00f3 comercial amb els nostres clients i prove\u00efdors.<\/li>\n<li>Enviar comunicacions amb ofertes de serveis, esdeveniments i not\u00edcies relacionades amb la nostra activitat professional, quan ens trobem legitimats per fer-ho.<\/li>\n<li>Respondre les consultes que fan els usuaris per mitj\u00e0 del formulari de contacte del nostre web.<\/li>\n<li>Gestionar la relaci\u00f3 laboral amb els nostres treballadors, com tamb\u00e9 les vacants laborals i la relaci\u00f3 amb els candidats.<\/li>\n<li>Realitzar enquestes per valorar la qualitat dels serveis prestats.<\/li>\n<\/ul>\n<h3><strong>Durant quant de temps conservem les vostres dades?<\/strong><\/h3>\n<p>Les dades personals es conservaran durant el temps estrictament necessari per complir amb la finalitat amb qu\u00e8 van ser recollides i, si \u00e9s el cas, mentre no se&#8217;n sol\u00b7liciti la supressi\u00f3 per part de l&#8217;interessat. La supressi\u00f3 suposa el bloqueig de les dades impedint-ne el tractament, quedant a disposici\u00f3 dels tribunals, ministeri fiscal o altres administracions p\u00fabliques competents a fi de donar resposta a possibles responsabilitats derivades del tractament i tenint el compte el termini de prescripci\u00f3 de les esmentades responsabilitats.<\/p>\n<h3><strong>Quina categoria de dades recaptem?<\/strong><\/h3>\n<p>Prenent en consideraci\u00f3 les finalitats esmentades en els apartats anteriors, podran ser objecte de tractament les seg\u00fcents categories de dades: <strong>dades identificatives <\/strong>(com ara nom i cognoms, tel\u00e8fon, adre\u00e7a postal, correu electr\u00f2nic i document identificatiu); <span class=\"VIiyi\" lang=\"ca\"><span class=\"JLqJ4b ChMk0b\" data-language-for-alternatives=\"ca\" data-language-to-translate-into=\"es\" data-phrase-index=\"0\" data-number-of-phrases=\"4\">dades econ\u00f2miques, financeres o banc\u00e0ries (per exemple: activitats, negocis, llic\u00e8ncies comercials o comptes bancaris).<\/span> <span class=\"JLqJ4b ChMk0b\" data-language-for-alternatives=\"ca\" data-language-to-translate-into=\"es\" data-phrase-index=\"1\" data-number-of-phrases=\"4\">Dades acad\u00e8miques: Formaci\u00f3 i titulacions.<\/span> <span class=\"JLqJ4b ChMk0b\" data-language-for-alternatives=\"ca\" data-language-to-translate-into=\"es\" data-phrase-index=\"2\" data-number-of-phrases=\"4\">Dades Professionals: Experi\u00e8ncia Professional, pertinen\u00e7a a col\u00b7legis ia associacions de professionals.<\/span> <span class=\"JLqJ4b ChMk0b\" data-language-for-alternatives=\"ca\" data-language-to-translate-into=\"es\" data-phrase-index=\"3\" data-number-of-phrases=\"4\">Dades d&#8217;informaci\u00f3 comercial: Activitats, negocis i llic\u00e8ncies comercials.<\/span><\/span><\/p>\n<p>Amb car\u00e0cter general no es tracten dades especialment protegides. En cas de tractar categories especials de dades ser\u00e0 amb motiu del compliment d&#8217;obligacions i l&#8217;exercici de drets espec\u00edfics del responsable del tractament o de l&#8217;interessat en l&#8217;\u00e0mbit del dret laboral i de la seguretat i protecci\u00f3 social, o per a la formulaci\u00f3, l&#8217;exercici o la defensa de reclamacions.<\/p>\n<h3><strong>Quina \u00e9s la legitimaci\u00f3 per al tractament de les vostres dades?<\/strong><\/h3>\n<p>La base jur\u00eddica que legitimi el tractament de les vostres dades personals estar\u00e0 relacionada amb la finalitat amb qu\u00e8 van ser recollides. En aquest sentit, el tractament de les vostres dades personals estar\u00e0 legitimat per alguna de les seg\u00fcents condicions:<\/p>\n<ul>\n<li>Quan la finalitat del tractament de les vostres dades personals sigui la prestaci\u00f3 dels serveis contractats i la gesti\u00f3 de la relaci\u00f3 existent, ser\u00e0 l&#8217;execuci\u00f3 del contracte de prestaci\u00f3 de serveis..<\/li>\n<li>Quan ens comuniqueu dades personals per mitj\u00e0 del nostre formulari de contacte, el tractament de les vostres dades estar\u00e0 legitimat pel vostre consentiment.<br \/>\nL\u2019acceptaci\u00f3 de la pol\u00edtica de protecci\u00f3 de dades, mitjan\u00e7ant el procediment establert d\u2019opt-in, s\u2019entendr\u00e0 a tots els efectes com a consentiment lliure, espec\u00edfic, informat i inequ\u00edvoc &#8211; en virtut de l&#8217;article 4 del Reglament General de Protecci\u00f3 de Dades &#8211; de l&#8217;usuari per al tractament de les dades de car\u00e0cter personal en els termes exposats en el present document.<\/li>\n<li>El tractament de les vostres dades per a l\u2019enviament de comunicacions amb ofertes de productes o serveis, esdeveniments o not\u00edcies relacionades amb la nostra activitat professional estar\u00e0 legitimat pel vostre consentiment o per l&#8217;inter\u00e8s leg\u00edtim d&#8217;<strong>EDUCARIA<\/strong>.<\/li>\n<li>Aix\u00ed mateix, les vostres dades podran ser objecte de tractament quan sigui necessari donar compliment a una obligaci\u00f3 legal aplicable a <strong>EDUCARIA EURO, S.L.U<\/strong>.<\/li>\n<\/ul>\n<h3><strong>A quins destinataris es comunicaran les vostres dades?<\/strong><\/h3>\n<p>Amb car\u00e0cter general no es comunicaran les dades personals a tercers, tret d&#8217;obligaci\u00f3 legal.<\/p>\n<h3><strong>Quins s\u00f3n els vostres drets quan ens faciliteu les vostres dades?<\/strong><\/h3>\n<p>Qualsevol persona t\u00e9 dret a obtenir confirmaci\u00f3 sobre si <strong>EDUCARIA<\/strong> est\u00e0 tractant dades personals que els concerneixen, o no.<\/p>\n<p>Les persones interessades tenen dret a <strong>retirar el consentiment<\/strong> en qualsevol moment, a <strong>accedir <\/strong>a llurs dades personals, com tamb\u00e9 a sol\u00b7licitar la <strong>rectificaci\u00f3 <\/strong>de les dades inexactes o, si \u00e9s el cas, a sol\u00b7licitar-ne la<strong> supressi\u00f3 <\/strong>quan, entre altres motius, les dades ja no siguin necess\u00e0ries per a les finalitats amb qu\u00e8 van ser recollides. En aquests casos, <strong>EDUCARIA<\/strong> ho comunicar\u00e0 a cadascun dels destinataris als quals hagi comunicat llurs dades personals.<\/p>\n<p>En determinades circumst\u00e0ncies, els interessats podran sol\u00b7licitar la limitaci\u00f3 del tractament de les seves dades, i en aquest cas \u00fanicament les conservarem per a l\u2019exercici o la defensa de possibles reclamacions.<\/p>\n<p>En determinades circumst\u00e0ncies, i per motius relacionats amb llur situaci\u00f3 particular, els interessats podran oposar-se al tractament de les seves dades. En aquest cas, <strong>EDUCARIA<\/strong> deixar\u00e0 de tractar les dades, tret de motius leg\u00edtims imperiosos o de l\u2019exercici de defensa de possibles reclamacions.<\/p>\n<p>Els interessats tindran dret a rebre les dades personals que els concerneixin, que hagin facilitat a <strong>EDUCARIA<\/strong>, en un format estructurat, d&#8217;\u00fas com\u00fa i lectura mec\u00e0nica.<\/p>\n<p>Per a l\u2019exercici dels drets esmentats en els apartats anteriors, els usuaris poden adre\u00e7ar una comunicaci\u00f3 per escrit al domicili social d\u2019<strong>EDUCARIA<\/strong> o a les adreces de correu electr\u00f2nic indicades en l&#8217;encap\u00e7alament d&#8217;aquesta pol\u00edtica de protecci\u00f3 de dades, incloent en ambd\u00f3s casos fotoc\u00f2pia del DNI o altre document identificatiu similar.<\/p>\n<p>Tamb\u00e9 us informem del vostre dret a presentar una <strong>reclamaci\u00f3<\/strong> davant l&#8217;Autoritat de Control (<a href=\"https:\/\/www.aepd.es\/es\">www.aepd.es<\/a>), si considereu que en el tractament de les vostres dades no s\u2019estan respectant els vostres drets.<\/p>\n<h3><strong>Car\u00e0cter obligatori o facultatiu de la informaci\u00f3 facilitada<\/strong><\/h3>\n<p>Els interessats, mitjan\u00e7ant l&#8217;activaci\u00f3 de les caselles corresponents i la introducci\u00f3 de dades en els camps, marcats amb un asterisc (*) o presentats en el formulari de contacte, accepten expressament i de forma lliure i inequ\u00edvoca que les seves dades s\u00f3n necess\u00e0ries perqu\u00e8 <strong>EDUCARIA<\/strong> atengui llur petici\u00f3, essent volunt\u00e0ria la inclusi\u00f3 de dades en la resta de camps. L&#8217;usuari garanteix que les dades personals facilitades a <strong>EDUCARIA<\/strong> s\u00f3n veraces i es fa responsable de comunicar qualsevol modificaci\u00f3 de les mateixes. <strong>EDUCARIA<\/strong> informa de que totes los dades sol\u00b7licitades a trav\u00e9s del lloc web s\u00f3n obligat\u00f2ries, at\u00e8s que s\u00f3n necess\u00e0ries per a la prestaci\u00f3 d&#8217;un servei \u00f2ptim a l&#8217;interessat. En el cas que no es facilitin totes les dades, no es garanteix que la informaci\u00f3 i serveis facilitats siguin completament ajustats a llurs necessitats.<\/p>\n<h3><strong>Quines mesures de seguretat hem implementat?<\/strong><\/h3>\n<p><strong>EDUCARIA<\/strong> ha implementat les mesures de seguretat de car\u00e0cter t\u00e8cnic i organitzatives necess\u00e0ries per a garantir la seguretat de les vostres dades de car\u00e0cter personal i evitar-ne l&#8217;alteraci\u00f3, p\u00e8rdua, i tractament o acc\u00e9s no autoritzat.<\/p>\n<p>A m\u00e9s, <strong>EDUCARIA<\/strong> ha pres mesures per a refor\u00e7ar la confidencialitat i integritat de la informaci\u00f3 en l\u2019organitzaci\u00f3, tot mantenint cont\u00ednuament la supervisi\u00f3, el control i l\u2019avaluaci\u00f3 dels processos per assegurar la privacitat de les dades.<\/p>\n<\/div><div class=\"fusion-clearfix\"><\/div><\/div><\/div><\/div><\/div><div class=\"fusion-fullwidth fullwidth-box fusion-builder-row-2 nonhundred-percent-fullwidth non-hundred-percent-height-scrolling fusion-equal-height-columns\" style=\"--awb-border-radius-top-left:0px;--awb-border-radius-top-right:0px;--awb-border-radius-bottom-right:0px;--awb-border-radius-bottom-left:0px;--awb-background-color:rgba(0,52,121,0.8);--awb-flex-wrap:wrap;\" ><div class=\"fusion-builder-row fusion-row\"><div class=\"fusion-layout-column fusion_builder_column fusion-builder-column-1 fusion_builder_column_1_1 1_1 fusion-one-full fusion-column-first fusion-column-last\" style=\"--awb-padding-top:30px;--awb-padding-bottom:10px;--awb-bg-size:cover;\"><div class=\"fusion-column-wrapper fusion-column-has-shadow fusion-flex-column-wrapper-legacy\"><div class=\"fusion-column-content-centered\"><div class=\"fusion-column-content\"><div class=\"fusion-image-element fusion-image-align-center in-legacy-container\" style=\"text-align:center;--awb-caption-title-font-family:var(--h2_typography-font-family);--awb-caption-title-font-weight:var(--h2_typography-font-weight);--awb-caption-title-font-style:var(--h2_typography-font-style);--awb-caption-title-size:var(--h2_typography-font-size);--awb-caption-title-transform:var(--h2_typography-text-transform);--awb-caption-title-line-height:var(--h2_typography-line-height);--awb-caption-title-letter-spacing:var(--h2_typography-letter-spacing);\"><div class=\"imageframe-align-center\"><span class=\" fusion-imageframe imageframe-none imageframe-1 hover-type-none\"><img decoding=\"async\" width=\"200\" height=\"30\" title=\"img_educaria_bolitas\" src=\"http:\/\/www.educaria.com\/wp-content\/uploads\/2019\/04\/img_educaria_bolitas.png\" alt class=\"img-responsive wp-image-1012\" srcset=\"https:\/\/www.educaria.com\/wp-content\/uploads\/2019\/04\/img_educaria_bolitas-150x23.png 150w, https:\/\/www.educaria.com\/wp-content\/uploads\/2019\/04\/img_educaria_bolitas.png 200w\" sizes=\"(max-width: 200px) 100vw, 200px\" \/><\/span><\/div><\/div><\/div><\/div><div class=\"fusion-clearfix\"><\/div><\/div><\/div><\/div><\/div><\/p>\n","protected":false},"excerpt":{"rendered":"","protected":false},"author":1,"featured_media":0,"parent":0,"menu_order":0,"comment_status":"closed","ping_status":"closed","template":"","meta":{"footnotes":""},"class_list":["post-620","page","type-page","status-publish","hentry"],"yoast_head":"<!-- This site is optimized with the Yoast SEO plugin v26.3 - https:\/\/yoast.com\/wordpress\/plugins\/seo\/ -->\r\n<title>Protecci\u00f3 de dades - Educaria<\/title>\r\n<meta name=\"robots\" content=\"index, follow, max-snippet:-1, max-image-preview:large, max-video-preview:-1\" \/>\r\n<link rel=\"canonical\" href=\"https:\/\/www.educaria.com\/ca\/proteccio-dades\/\" \/>\r\n<meta property=\"og:locale\" content=\"ca_ES\" \/>\r\n<meta property=\"og:type\" content=\"article\" \/>\r\n<meta property=\"og:title\" content=\"Protecci\u00f3 de dades - Educaria\" \/>\r\n<meta property=\"og:url\" content=\"https:\/\/www.educaria.com\/ca\/proteccio-dades\/\" \/>\r\n<meta property=\"og:site_name\" content=\"Educaria\" \/>\r\n<meta property=\"article:modified_time\" content=\"2021-11-12T12:07:32+00:00\" \/>\r\n<meta name=\"twitter:card\" content=\"summary_large_image\" \/>\r\n<meta name=\"twitter:site\" content=\"@AlexiaEducacion\" \/>\r\n<meta name=\"twitter:label1\" content=\"Temps estimat de lectura\" \/>\n\t<meta name=\"twitter:data1\" content=\"10 minuts\" \/>\r\n<script type=\"application\/ld+json\" class=\"yoast-schema-graph\">{\"@context\":\"https:\/\/schema.org\",\"@graph\":[{\"@type\":\"WebPage\",\"@id\":\"https:\/\/www.educaria.com\/ca\/proteccio-dades\/\",\"url\":\"https:\/\/www.educaria.com\/ca\/proteccio-dades\/\",\"name\":\"Protecci\u00f3 de dades - Educaria\",\"isPartOf\":{\"@id\":\"https:\/\/www.educaria.com\/#website\"},\"datePublished\":\"2019-07-08T10:46:40+00:00\",\"dateModified\":\"2021-11-12T12:07:32+00:00\",\"breadcrumb\":{\"@id\":\"https:\/\/www.educaria.com\/ca\/proteccio-dades\/#breadcrumb\"},\"inLanguage\":\"ca\",\"potentialAction\":[{\"@type\":\"ReadAction\",\"target\":[\"https:\/\/www.educaria.com\/ca\/proteccio-dades\/\"]}]},{\"@type\":\"BreadcrumbList\",\"@id\":\"https:\/\/www.educaria.com\/ca\/proteccio-dades\/#breadcrumb\",\"itemListElement\":[{\"@type\":\"ListItem\",\"position\":1,\"name\":\"Portada\",\"item\":\"https:\/\/www.educaria.com\/ca\/\"},{\"@type\":\"ListItem\",\"position\":2,\"name\":\"Protecci\u00f3 de dades\"}]},{\"@type\":\"WebSite\",\"@id\":\"https:\/\/www.educaria.com\/#website\",\"url\":\"https:\/\/www.educaria.com\/\",\"name\":\"Educaria\",\"description\":\"M\u00e1s de 50 a\u00f1os desarrollando soluciones TIC para el sector educativo\",\"publisher\":{\"@id\":\"https:\/\/www.educaria.com\/#organization\"},\"potentialAction\":[{\"@type\":\"SearchAction\",\"target\":{\"@type\":\"EntryPoint\",\"urlTemplate\":\"https:\/\/www.educaria.com\/?s={search_term_string}\"},\"query-input\":{\"@type\":\"PropertyValueSpecification\",\"valueRequired\":true,\"valueName\":\"search_term_string\"}}],\"inLanguage\":\"ca\"},{\"@type\":\"Organization\",\"@id\":\"https:\/\/www.educaria.com\/#organization\",\"name\":\"Educaria\",\"url\":\"https:\/\/www.educaria.com\/\",\"logo\":{\"@type\":\"ImageObject\",\"inLanguage\":\"ca\",\"@id\":\"https:\/\/www.educaria.com\/#\/schema\/logo\/image\/\",\"url\":\"https:\/\/www.educaria.com\/wp-content\/uploads\/logo_EDUCARIA_retina_movil.png\",\"contentUrl\":\"https:\/\/www.educaria.com\/wp-content\/uploads\/logo_EDUCARIA_retina_movil.png\",\"width\":400,\"height\":140,\"caption\":\"Educaria\"},\"image\":{\"@id\":\"https:\/\/www.educaria.com\/#\/schema\/logo\/image\/\"},\"sameAs\":[\"https:\/\/x.com\/AlexiaEducacion\",\"https:\/\/www.linkedin.com\/company\/educaria-euro\/\",\"https:\/\/www.youtube.com\/channel\/UCZMVGcQlPf8o0UscOK3cxuA\"]}]}<\/script>\r\n<!-- \/ Yoast SEO plugin. -->","yoast_head_json":{"title":"Protecci\u00f3 de dades - Educaria","robots":{"index":"index","follow":"follow","max-snippet":"max-snippet:-1","max-image-preview":"max-image-preview:large","max-video-preview":"max-video-preview:-1"},"canonical":"https:\/\/www.educaria.com\/ca\/proteccio-dades\/","og_locale":"ca_ES","og_type":"article","og_title":"Protecci\u00f3 de dades - Educaria","og_url":"https:\/\/www.educaria.com\/ca\/proteccio-dades\/","og_site_name":"Educaria","article_modified_time":"2021-11-12T12:07:32+00:00","twitter_card":"summary_large_image","twitter_site":"@AlexiaEducacion","twitter_misc":{"Temps estimat de lectura":"10 minuts"},"schema":{"@context":"https:\/\/schema.org","@graph":[{"@type":"WebPage","@id":"https:\/\/www.educaria.com\/ca\/proteccio-dades\/","url":"https:\/\/www.educaria.com\/ca\/proteccio-dades\/","name":"Protecci\u00f3 de dades - Educaria","isPartOf":{"@id":"https:\/\/www.educaria.com\/#website"},"datePublished":"2019-07-08T10:46:40+00:00","dateModified":"2021-11-12T12:07:32+00:00","breadcrumb":{"@id":"https:\/\/www.educaria.com\/ca\/proteccio-dades\/#breadcrumb"},"inLanguage":"ca","potentialAction":[{"@type":"ReadAction","target":["https:\/\/www.educaria.com\/ca\/proteccio-dades\/"]}]},{"@type":"BreadcrumbList","@id":"https:\/\/www.educaria.com\/ca\/proteccio-dades\/#breadcrumb","itemListElement":[{"@type":"ListItem","position":1,"name":"Portada","item":"https:\/\/www.educaria.com\/ca\/"},{"@type":"ListItem","position":2,"name":"Protecci\u00f3 de dades"}]},{"@type":"WebSite","@id":"https:\/\/www.educaria.com\/#website","url":"https:\/\/www.educaria.com\/","name":"Educaria","description":"M\u00e1s de 50 a\u00f1os desarrollando soluciones TIC para el sector educativo","publisher":{"@id":"https:\/\/www.educaria.com\/#organization"},"potentialAction":[{"@type":"SearchAction","target":{"@type":"EntryPoint","urlTemplate":"https:\/\/www.educaria.com\/?s={search_term_string}"},"query-input":{"@type":"PropertyValueSpecification","valueRequired":true,"valueName":"search_term_string"}}],"inLanguage":"ca"},{"@type":"Organization","@id":"https:\/\/www.educaria.com\/#organization","name":"Educaria","url":"https:\/\/www.educaria.com\/","logo":{"@type":"ImageObject","inLanguage":"ca","@id":"https:\/\/www.educaria.com\/#\/schema\/logo\/image\/","url":"https:\/\/www.educaria.com\/wp-content\/uploads\/logo_EDUCARIA_retina_movil.png","contentUrl":"https:\/\/www.educaria.com\/wp-content\/uploads\/logo_EDUCARIA_retina_movil.png","width":400,"height":140,"caption":"Educaria"},"image":{"@id":"https:\/\/www.educaria.com\/#\/schema\/logo\/image\/"},"sameAs":["https:\/\/x.com\/AlexiaEducacion","https:\/\/www.linkedin.com\/company\/educaria-euro\/","https:\/\/www.youtube.com\/channel\/UCZMVGcQlPf8o0UscOK3cxuA"]}]}},"_links":{"self":[{"href":"https:\/\/www.educaria.com\/ca\/wp-json\/wp\/v2\/pages\/620","targetHints":{"allow":["GET"]}}],"collection":[{"href":"https:\/\/www.educaria.com\/ca\/wp-json\/wp\/v2\/pages"}],"about":[{"href":"https:\/\/www.educaria.com\/ca\/wp-json\/wp\/v2\/types\/page"}],"author":[{"embeddable":true,"href":"https:\/\/www.educaria.com\/ca\/wp-json\/wp\/v2\/users\/1"}],"replies":[{"embeddable":true,"href":"https:\/\/www.educaria.com\/ca\/wp-json\/wp\/v2\/comments?post=620"}],"version-history":[{"count":8,"href":"https:\/\/www.educaria.com\/ca\/wp-json\/wp\/v2\/pages\/620\/revisions"}],"predecessor-version":[{"id":1654,"href":"https:\/\/www.educaria.com\/ca\/wp-json\/wp\/v2\/pages\/620\/revisions\/1654"}],"wp:attachment":[{"href":"https:\/\/www.educaria.com\/ca\/wp-json\/wp\/v2\/media?parent=620"}],"curies":[{"name":"wp","href":"https:\/\/api.w.org\/{rel}","templated":true}]}}