{"id":591,"date":"2019-05-23T09:34:46","date_gmt":"2019-05-23T07:34:46","guid":{"rendered":"http:\/\/www.educaria.com\/contacto\/"},"modified":"2025-12-18T12:17:39","modified_gmt":"2025-12-18T11:17:39","slug":"contacte","status":"publish","type":"page","link":"https:\/\/www.educaria.com\/ca\/contacte\/","title":{"rendered":"Contacte"},"content":{"rendered":"<p><div class=\"fusion-fullwidth fullwidth-box fusion-builder-row-1 fusion-parallax-none nonhundred-percent-fullwidth non-hundred-percent-height-scrolling fusion-equal-height-columns\" style=\"--awb-background-position:left top;--awb-background-repeat:repeat;--awb-background-blend-mode:overlay;--awb-border-radius-top-left:0px;--awb-border-radius-top-right:0px;--awb-border-radius-bottom-right:0px;--awb-border-radius-bottom-left:0px;--awb-padding-top:3%;--awb-padding-right:5%;--awb-padding-bottom:0px;--awb-padding-left:5%;--awb-margin-top:0px;--awb-margin-bottom:0px;--awb-background-color:rgba(0,52,121,0.05);--awb-background-image:url(&quot;https:\/\/www.educaria.com\/wp-content\/uploads\/Educaria-bolas-blue-bkg.png&quot;);--awb-flex-wrap:wrap;\" ><div class=\"fusion-builder-row fusion-row\"><div class=\"fusion-layout-column fusion_builder_column fusion-builder-column-0 fusion_builder_column_1_2 1_2 fusion-one-half fusion-column-first fusion-animated\" style=\"--awb-bg-size:cover;width:50%;width:calc(50% - ( ( 5% + 5% ) * 0.5 ) );margin-right: 5%;\" data-animationType=\"fadeInDown\" data-animationDuration=\"0.3\" data-animationOffset=\"top-into-view\"><div class=\"fusion-column-wrapper fusion-column-has-shadow fusion-flex-column-wrapper-legacy\"><div class=\"fusion-text fusion-text-1\"><h4><span style=\"font-size: 32px;\">Contacta amb nosaltres<\/span><\/h4>\n<\/div><div class=\"fusion-text fusion-text-2\"><div class=\"wpforms-container wpforms-container-full\" id=\"wpforms-1627\"><form id=\"wpforms-form-1627\" class=\"wpforms-validate wpforms-form\" data-formid=\"1627\" method=\"post\" enctype=\"multipart\/form-data\" action=\"\/ca\/wp-json\/wp\/v2\/pages\/591\" data-token=\"a63b6e67ee0acc11d0ad1f0d3bfe7da6\" data-token-time=\"1775595218\"><noscript class=\"wpforms-error-noscript\">Activeu el JavaScript al navegador per a poder completar el formulari.<\/noscript><div class=\"wpforms-field-container\"><div id=\"wpforms-1627-field_0-container\" class=\"wpforms-field wpforms-field-name\" data-field-id=\"0\"><label class=\"wpforms-field-label\" for=\"wpforms-1627-field_0\">Nom <span class=\"wpforms-required-label\">*<\/span><\/label><input type=\"text\" id=\"wpforms-1627-field_0\" class=\"wpforms-field-medium wpforms-field-required\" name=\"wpforms[fields][0]\" required><\/div><div id=\"wpforms-1627-field_3-container\" class=\"wpforms-field wpforms-field-text\" data-field-id=\"3\"><label class=\"wpforms-field-label\" for=\"wpforms-1627-field_3\">Centre educatiu <span class=\"wpforms-required-label\">*<\/span><\/label><input type=\"text\" id=\"wpforms-1627-field_3\" class=\"wpforms-field-medium wpforms-field-required\" name=\"wpforms[fields][3]\" required><\/div><div id=\"wpforms-1627-field_6-container\" class=\"wpforms-field wpforms-field-text\" data-field-id=\"6\"><label class=\"wpforms-field-label\" for=\"wpforms-1627-field_6\">Pa\u00eds <span class=\"wpforms-required-label\">*<\/span><\/label><input type=\"text\" id=\"wpforms-1627-field_6\" class=\"wpforms-field-small wpforms-field-required\" name=\"wpforms[fields][6]\" required><\/div><div id=\"wpforms-1627-field_4-container\" class=\"wpforms-field wpforms-field-text\" data-field-id=\"4\"><label class=\"wpforms-field-label\" for=\"wpforms-1627-field_4\">Prov\u00edncia <span class=\"wpforms-required-label\">*<\/span><\/label><input type=\"text\" id=\"wpforms-1627-field_4\" class=\"wpforms-field-medium wpforms-field-required\" name=\"wpforms[fields][4]\" required><\/div><div id=\"wpforms-1627-field_5-container\" class=\"wpforms-field wpforms-field-text\" data-field-id=\"5\"><label class=\"wpforms-field-label\" for=\"wpforms-1627-field_5\">C\u00e0rrec <span class=\"wpforms-required-label\">*<\/span><\/label><input type=\"text\" id=\"wpforms-1627-field_5\" class=\"wpforms-field-medium wpforms-field-required\" name=\"wpforms[fields][5]\" required><\/div><div id=\"wpforms-1627-field_1-container\" class=\"wpforms-field wpforms-field-email\" data-field-id=\"1\"><label class=\"wpforms-field-label\" for=\"wpforms-1627-field_1\">Correu electr\u00f2nic <span class=\"wpforms-required-label\">*<\/span><\/label><input type=\"email\" id=\"wpforms-1627-field_1\" class=\"wpforms-field-medium wpforms-field-required\" name=\"wpforms[fields][1]\" spellcheck=\"false\" required><\/div><div id=\"wpforms-1627-field_7-container\" class=\"wpforms-field wpforms-field-number\" data-field-id=\"7\"><label class=\"wpforms-field-label\" for=\"wpforms-1627-field_7\">Tel\u00e8fon <span class=\"wpforms-required-label\">*<\/span><\/label><input type=\"number\" id=\"wpforms-1627-field_7\" class=\"wpforms-field-small wpforms-field-required\" name=\"wpforms[fields][7]\" step=\"any\" required><\/div><div id=\"wpforms-1627-field_2-container\" class=\"wpforms-field wpforms-field-textarea\" data-field-id=\"2\"><label class=\"wpforms-field-label\" for=\"wpforms-1627-field_2\">Comentari missatge <span class=\"wpforms-required-label\">*<\/span><\/label><textarea id=\"wpforms-1627-field_2\" class=\"wpforms-field-medium wpforms-field-required\" name=\"wpforms[fields][2]\" required><\/textarea><\/div><div id=\"wpforms-1627-field_9-container\" class=\"wpforms-field wpforms-field-checkbox\" data-field-id=\"9\"><label class=\"wpforms-field-label\">Protecci\u00f3 de dades <span class=\"wpforms-required-label\">*<\/span><\/label><ul id=\"wpforms-1627-field_9\" class=\"wpforms-field-required\"><li class=\"choice-1 depth-1\"><input type=\"checkbox\" id=\"wpforms-1627-field_9_1\" name=\"wpforms[fields][9][]\" value=\"He llegit i accepto la &lt;a href=&quot;..\/info-proteccio-dades\/&quot; target=&quot;_blank&quot;  style=&quot;text-decoration:underline&quot;&gt;Informaci\u00f3 b\u00e0sica sobre protecci\u00f3 de dades&lt;\/a&gt;, com tamb\u00e9 la informaci\u00f3 addicional detallada en la &lt;a href=&quot;..\/proteccio-dades\/&quot; target=&quot;_blank&quot;  style=&quot;text-decoration:underline&quot;&gt;Pol\u00edtica de privacitat i protecci\u00f3 de dades&lt;\/a&gt;.**\" required ><label class=\"wpforms-field-label-inline\" for=\"wpforms-1627-field_9_1\">He llegit i accepto la <a href=\"..\/info-proteccio-dades\/\" target=\"_blank\" style=\"text-decoration:underline\">Informaci\u00f3 b\u00e0sica sobre protecci\u00f3 de dades<\/a>, com tamb\u00e9 la informaci\u00f3 addicional detallada en la <a href=\"..\/proteccio-dades\/\" target=\"_blank\" style=\"text-decoration:underline\">Pol\u00edtica de privacitat i protecci\u00f3 de dades<\/a>.**<\/label><\/li><\/ul><\/div><div id=\"wpforms-1627-field_10-container\" class=\"wpforms-field wpforms-field-checkbox\" data-field-id=\"10\"><label class=\"wpforms-field-label\">Av\u00eds comercial<\/label><ul id=\"wpforms-1627-field_10\"><li class=\"choice-1 depth-1\"><input type=\"checkbox\" id=\"wpforms-1627-field_10_1\" name=\"wpforms[fields][10][]\" value=\"Accepto rebre informaci\u00f3 comercial sobre les ofertes i promocions de EDUCARIA EURO S.L.U.\"  ><label class=\"wpforms-field-label-inline\" for=\"wpforms-1627-field_10_1\">Accepto rebre informaci\u00f3 comercial sobre les ofertes i promocions de EDUCARIA EURO S.L.U.<\/label><\/li><\/ul><\/div><\/div><!-- .wpforms-field-container --><div class=\"wpforms-recaptcha-container wpforms-is-recaptcha wpforms-is-recaptcha-type-v3\" ><input type=\"hidden\" name=\"wpforms[recaptcha]\" value=\"\"><\/div><div class=\"wpforms-submit-container\" ><input type=\"hidden\" name=\"wpforms[id]\" value=\"1627\"><input type=\"hidden\" name=\"page_title\" value=\"\"><input type=\"hidden\" name=\"page_url\" value=\"https:\/\/www.educaria.com\/ca\/wp-json\/wp\/v2\/pages\/591\"><input type=\"hidden\" name=\"url_referer\" value=\"\"><button type=\"submit\" name=\"wpforms[submit]\" id=\"wpforms-submit-1627\" class=\"wpforms-submit\" data-alt-text=\"Enviant...\" data-submit-text=\"Enviar\" aria-live=\"assertive\" value=\"wpforms-submit\">Enviar<\/button><\/div><\/form><\/div>  <!-- .wpforms-container -->\n<\/div><div class=\"fusion-text fusion-text-3\"><h6>* Dades requerides.<br \/>\n** En cas que no es marqui la casella no es podr\u00e0 procedir per part de EDUCARIA EURO S.L.U. a la gesti\u00f3 de la seva sol\u00b7licitud.<\/h6>\n<\/div><div class=\"fusion-clearfix\"><\/div><\/div><\/div><div class=\"fusion-layout-column fusion_builder_column fusion-builder-column-1 fusion_builder_column_1_4 1_4 fusion-one-fourth\" style=\"--awb-bg-size:cover;width:25%;width:calc(25% - ( ( 5% + 5% ) * 0.25 ) );margin-right: 5%;\"><div class=\"fusion-column-wrapper fusion-column-has-shadow fusion-flex-column-wrapper-legacy\"><div class=\"fusion-text fusion-text-4\" id=\"redondo\"><h5><span style=\"font-size: 22px; color: #003479;\">Educaria Madrid<\/span><br \/>\nBravo Murillo, 377 6a Pl.<\/h5>\n<\/div><div class=\"fusion-image-element fusion-image-align-center in-legacy-container\" style=\"text-align:center;--awb-liftup-border-radius:8px;--awb-caption-title-font-family:var(--h2_typography-font-family);--awb-caption-title-font-weight:var(--h2_typography-font-weight);--awb-caption-title-font-style:var(--h2_typography-font-style);--awb-caption-title-size:var(--h2_typography-font-size);--awb-caption-title-transform:var(--h2_typography-text-transform);--awb-caption-title-line-height:var(--h2_typography-line-height);--awb-caption-title-letter-spacing:var(--h2_typography-letter-spacing);\"><div class=\"imageframe-align-center\"><div class=\"awb-image-frame awb-image-frame-1 imageframe-liftup imageframe-1\" style=\"max-width:500px;\"><span class=\" fusion-imageframe imageframe-none imageframe-1\" style=\"border-radius:8px;\"><a class=\"fusion-no-lightbox\" href=\"https:\/\/goo.gl\/maps\/4b9mGWYKewMe86H26\" target=\"_blank\" aria-label=\"img_educaria_mapaMAD\" rel=\"noopener noreferrer\"><img decoding=\"async\" width=\"500\" height=\"500\" src=\"http:\/\/www.educaria.com\/wp-content\/uploads\/img_educaria_mapaMAD.png\" alt class=\"img-responsive wp-image-837\" srcset=\"https:\/\/www.educaria.com\/wp-content\/uploads\/img_educaria_mapaMAD-200x200.png 200w, https:\/\/www.educaria.com\/wp-content\/uploads\/img_educaria_mapaMAD-400x400.png 400w, https:\/\/www.educaria.com\/wp-content\/uploads\/img_educaria_mapaMAD.png 500w\" sizes=\"(max-width: 800px) 100vw, 500px\" \/><\/a><\/span><\/div><\/div><\/div><div class=\"fusion-sep-clear\"><\/div><div class=\"fusion-separator fusion-full-width-sep\" style=\"margin-left: auto;margin-right: auto;margin-top:20px;margin-bottom:20px;width:100%;\"><div class=\"fusion-separator-border sep-double\" style=\"--awb-height:20px;--awb-amount:20px;border-color:var(--awb-custom10);border-top-width:0px;border-bottom-width:0px;\"><\/div><\/div><div class=\"fusion-sep-clear\"><\/div><div class=\"fusion-text fusion-text-5\" id=\"redondo\"><h5><span style=\"font-size: 22px; color: #003479;\">Educaria Xile<\/span><br \/>\nIsidora Goyenechea 3365, Las Condes,<br \/>\nSantiago<\/h5>\n<\/div><div class=\"fusion-image-element fusion-image-align-center in-legacy-container\" style=\"text-align:center;--awb-liftup-border-radius:8px;--awb-caption-title-font-family:var(--h2_typography-font-family);--awb-caption-title-font-weight:var(--h2_typography-font-weight);--awb-caption-title-font-style:var(--h2_typography-font-style);--awb-caption-title-size:var(--h2_typography-font-size);--awb-caption-title-transform:var(--h2_typography-text-transform);--awb-caption-title-line-height:var(--h2_typography-line-height);--awb-caption-title-letter-spacing:var(--h2_typography-letter-spacing);\"><div class=\"imageframe-align-center\"><div class=\"awb-image-frame awb-image-frame-2 imageframe-liftup imageframe-2\" style=\"max-width:500px;\"><span class=\" fusion-imageframe imageframe-none imageframe-2\" style=\"border-radius:8px;\"><a class=\"fusion-no-lightbox\" href=\"https:\/\/maps.app.goo.gl\/MkTvLtRYX9wCraZt5\" target=\"_blank\" aria-label=\"img_educaria_mapaSAN\" rel=\"noopener noreferrer\"><img decoding=\"async\" width=\"500\" height=\"500\" src=\"http:\/\/www.educaria.com\/wp-content\/uploads\/img_educaria_mapaSAN.png\" alt class=\"img-responsive wp-image-843\" srcset=\"https:\/\/www.educaria.com\/wp-content\/uploads\/img_educaria_mapaSAN-200x200.png 200w, https:\/\/www.educaria.com\/wp-content\/uploads\/img_educaria_mapaSAN-400x400.png 400w, https:\/\/www.educaria.com\/wp-content\/uploads\/img_educaria_mapaSAN.png 500w\" sizes=\"(max-width: 800px) 100vw, 500px\" \/><\/a><\/span><\/div><\/div><\/div><div class=\"fusion-clearfix\"><\/div><\/div><\/div><div class=\"fusion-layout-column fusion_builder_column fusion-builder-column-2 fusion_builder_column_1_4 1_4 fusion-one-fourth fusion-column-last\" style=\"--awb-bg-size:cover;width:25%;width:calc(25% - ( ( 5% + 5% ) * 0.25 ) );\"><div class=\"fusion-column-wrapper fusion-column-has-shadow fusion-flex-column-wrapper-legacy\"><div class=\"fusion-text fusion-text-6\" id=\"redondo\"><h5><span style=\"font-size: 22px; color: #003479;\">Educaria Barcelona<\/span><br \/>\nComte d&#8217;Urgell 240 4A<\/h5>\n<\/div><div class=\"fusion-image-element fusion-image-align-center in-legacy-container\" style=\"text-align:center;--awb-liftup-border-radius:8px;--awb-caption-title-font-family:var(--h2_typography-font-family);--awb-caption-title-font-weight:var(--h2_typography-font-weight);--awb-caption-title-font-style:var(--h2_typography-font-style);--awb-caption-title-size:var(--h2_typography-font-size);--awb-caption-title-transform:var(--h2_typography-text-transform);--awb-caption-title-line-height:var(--h2_typography-line-height);--awb-caption-title-letter-spacing:var(--h2_typography-letter-spacing);\"><div class=\"imageframe-align-center\"><div class=\"awb-image-frame awb-image-frame-3 imageframe-liftup imageframe-3\" style=\"max-width:500px;\"><span class=\" fusion-imageframe imageframe-none imageframe-3\" style=\"border-radius:8px;\"><a class=\"fusion-no-lightbox\" href=\"https:\/\/goo.gl\/maps\/j1Uft31V5v1ZBXUV7\" target=\"_blank\" aria-label=\"img_educaria_mapaBCN\" rel=\"noopener noreferrer\"><img decoding=\"async\" width=\"500\" height=\"500\" src=\"https:\/\/www.educaria.com\/wp-content\/uploads\/img_educaria_mapaBCN.png\" alt class=\"img-responsive wp-image-1096\" srcset=\"https:\/\/www.educaria.com\/wp-content\/uploads\/img_educaria_mapaBCN-200x200.png 200w, https:\/\/www.educaria.com\/wp-content\/uploads\/img_educaria_mapaBCN-400x400.png 400w, https:\/\/www.educaria.com\/wp-content\/uploads\/img_educaria_mapaBCN.png 500w\" sizes=\"(max-width: 800px) 100vw, 500px\" \/><\/a><\/span><\/div><\/div><\/div><div class=\"fusion-sep-clear\"><\/div><div class=\"fusion-separator fusion-full-width-sep\" style=\"margin-left: auto;margin-right: auto;margin-top:20px;margin-bottom:20px;width:100%;\"><div class=\"fusion-separator-border sep-double\" style=\"--awb-height:20px;--awb-amount:20px;border-color:var(--awb-custom10);border-top-width:0px;border-bottom-width:0px;\"><\/div><\/div><div class=\"fusion-sep-clear\"><\/div><div class=\"fusion-text fusion-text-7\" id=\"redondo\"><h5><span style=\"font-size: 22px; color: #003479;\">Educaria Argentina<\/span><br \/>\nAvda. Sta Fe 1460 3 Pis<br \/>\nBuenos Aires<\/h5>\n<\/div><div class=\"fusion-image-element fusion-image-align-center in-legacy-container\" style=\"text-align:center;--awb-liftup-border-radius:8px;--awb-caption-title-font-family:var(--h2_typography-font-family);--awb-caption-title-font-weight:var(--h2_typography-font-weight);--awb-caption-title-font-style:var(--h2_typography-font-style);--awb-caption-title-size:var(--h2_typography-font-size);--awb-caption-title-transform:var(--h2_typography-text-transform);--awb-caption-title-line-height:var(--h2_typography-line-height);--awb-caption-title-letter-spacing:var(--h2_typography-letter-spacing);\"><div class=\"imageframe-align-center\"><div class=\"awb-image-frame awb-image-frame-4 imageframe-liftup imageframe-4\" style=\"max-width:500px;\"><span class=\" fusion-imageframe imageframe-none imageframe-4\" style=\"border-radius:8px;\"><a class=\"fusion-no-lightbox\" href=\"https:\/\/goo.gl\/maps\/vcHwedsq9jJWf9Cn8\" target=\"_blank\" aria-label=\"img_educaria_mapaBUA\" rel=\"noopener noreferrer\"><img decoding=\"async\" width=\"500\" height=\"500\" src=\"http:\/\/www.educaria.com\/wp-content\/uploads\/img_educaria_mapaBUA-1.png\" alt class=\"img-responsive wp-image-1065\" srcset=\"https:\/\/www.educaria.com\/wp-content\/uploads\/img_educaria_mapaBUA-1-200x200.png 200w, https:\/\/www.educaria.com\/wp-content\/uploads\/img_educaria_mapaBUA-1-400x400.png 400w, https:\/\/www.educaria.com\/wp-content\/uploads\/img_educaria_mapaBUA-1.png 500w\" sizes=\"(max-width: 800px) 100vw, 500px\" \/><\/a><\/span><\/div><\/div><\/div><div class=\"fusion-clearfix\"><\/div><\/div><\/div><\/div><\/div><div class=\"fusion-fullwidth fullwidth-box fusion-builder-row-2 nonhundred-percent-fullwidth non-hundred-percent-height-scrolling fusion-equal-height-columns\" style=\"--awb-border-radius-top-left:0px;--awb-border-radius-top-right:0px;--awb-border-radius-bottom-right:0px;--awb-border-radius-bottom-left:0px;--awb-background-color:rgba(0,52,121,0.8);--awb-flex-wrap:wrap;\" ><div class=\"fusion-builder-row fusion-row\"><div class=\"fusion-layout-column fusion_builder_column fusion-builder-column-3 fusion_builder_column_1_1 1_1 fusion-one-full fusion-column-first fusion-column-last\" style=\"--awb-padding-top:30px;--awb-padding-bottom:10px;--awb-bg-size:cover;\"><div class=\"fusion-column-wrapper fusion-column-has-shadow fusion-flex-column-wrapper-legacy\"><div class=\"fusion-column-content-centered\"><div class=\"fusion-column-content\"><div class=\"fusion-image-element fusion-image-align-center in-legacy-container\" style=\"text-align:center;--awb-caption-title-font-family:var(--h2_typography-font-family);--awb-caption-title-font-weight:var(--h2_typography-font-weight);--awb-caption-title-font-style:var(--h2_typography-font-style);--awb-caption-title-size:var(--h2_typography-font-size);--awb-caption-title-transform:var(--h2_typography-text-transform);--awb-caption-title-line-height:var(--h2_typography-line-height);--awb-caption-title-letter-spacing:var(--h2_typography-letter-spacing);\"><div class=\"imageframe-align-center\"><span class=\" fusion-imageframe imageframe-none imageframe-5 hover-type-none\"><img decoding=\"async\" width=\"200\" height=\"30\" title=\"img_educaria_bolitas\" src=\"https:\/\/www.educaria.com\/wp-content\/uploads\/2019\/04\/img_educaria_bolitas.png\" alt class=\"img-responsive wp-image-1012\" srcset=\"https:\/\/www.educaria.com\/wp-content\/uploads\/2019\/04\/img_educaria_bolitas-150x23.png 150w, https:\/\/www.educaria.com\/wp-content\/uploads\/2019\/04\/img_educaria_bolitas.png 200w\" sizes=\"(max-width: 200px) 100vw, 200px\" \/><\/span><\/div><\/div><\/div><\/div><div class=\"fusion-clearfix\"><\/div><\/div><\/div><\/div><\/div><\/p>\n","protected":false},"excerpt":{"rendered":"","protected":false},"author":1,"featured_media":0,"parent":0,"menu_order":0,"comment_status":"closed","ping_status":"closed","template":"100-width.php","meta":{"footnotes":""},"class_list":["post-591","page","type-page","status-publish","hentry"],"yoast_head":"<!-- This site is optimized with the Yoast SEO plugin v26.3 - https:\/\/yoast.com\/wordpress\/plugins\/seo\/ -->\r\n<title>Contacte - Educaria<\/title>\r\n<meta name=\"robots\" content=\"index, follow, max-snippet:-1, max-image-preview:large, max-video-preview:-1\" \/>\r\n<link rel=\"canonical\" href=\"https:\/\/www.educaria.com\/ca\/contacte\/\" \/>\r\n<meta property=\"og:locale\" content=\"ca_ES\" \/>\r\n<meta property=\"og:type\" content=\"article\" \/>\r\n<meta property=\"og:title\" content=\"Contacte - Educaria\" \/>\r\n<meta property=\"og:url\" content=\"https:\/\/www.educaria.com\/ca\/contacte\/\" \/>\r\n<meta property=\"og:site_name\" content=\"Educaria\" \/>\r\n<meta property=\"article:modified_time\" content=\"2025-12-18T11:17:39+00:00\" \/>\r\n<meta name=\"twitter:card\" content=\"summary_large_image\" \/>\r\n<meta name=\"twitter:site\" content=\"@AlexiaEducacion\" \/>\r\n<meta name=\"twitter:label1\" content=\"Temps estimat de lectura\" \/>\n\t<meta name=\"twitter:data1\" content=\"2 minuts\" \/>\r\n<script type=\"application\/ld+json\" class=\"yoast-schema-graph\">{\"@context\":\"https:\/\/schema.org\",\"@graph\":[{\"@type\":\"WebPage\",\"@id\":\"https:\/\/www.educaria.com\/ca\/contacte\/\",\"url\":\"https:\/\/www.educaria.com\/ca\/contacte\/\",\"name\":\"Contacte - Educaria\",\"isPartOf\":{\"@id\":\"https:\/\/www.educaria.com\/#website\"},\"datePublished\":\"2019-05-23T07:34:46+00:00\",\"dateModified\":\"2025-12-18T11:17:39+00:00\",\"breadcrumb\":{\"@id\":\"https:\/\/www.educaria.com\/ca\/contacte\/#breadcrumb\"},\"inLanguage\":\"ca\",\"potentialAction\":[{\"@type\":\"ReadAction\",\"target\":[\"https:\/\/www.educaria.com\/ca\/contacte\/\"]}]},{\"@type\":\"BreadcrumbList\",\"@id\":\"https:\/\/www.educaria.com\/ca\/contacte\/#breadcrumb\",\"itemListElement\":[{\"@type\":\"ListItem\",\"position\":1,\"name\":\"Portada\",\"item\":\"https:\/\/www.educaria.com\/ca\/\"},{\"@type\":\"ListItem\",\"position\":2,\"name\":\"Contacte\"}]},{\"@type\":\"WebSite\",\"@id\":\"https:\/\/www.educaria.com\/#website\",\"url\":\"https:\/\/www.educaria.com\/\",\"name\":\"Educaria\",\"description\":\"M\u00e1s de 50 a\u00f1os desarrollando soluciones TIC para el sector educativo\",\"publisher\":{\"@id\":\"https:\/\/www.educaria.com\/#organization\"},\"potentialAction\":[{\"@type\":\"SearchAction\",\"target\":{\"@type\":\"EntryPoint\",\"urlTemplate\":\"https:\/\/www.educaria.com\/?s={search_term_string}\"},\"query-input\":{\"@type\":\"PropertyValueSpecification\",\"valueRequired\":true,\"valueName\":\"search_term_string\"}}],\"inLanguage\":\"ca\"},{\"@type\":\"Organization\",\"@id\":\"https:\/\/www.educaria.com\/#organization\",\"name\":\"Educaria\",\"url\":\"https:\/\/www.educaria.com\/\",\"logo\":{\"@type\":\"ImageObject\",\"inLanguage\":\"ca\",\"@id\":\"https:\/\/www.educaria.com\/#\/schema\/logo\/image\/\",\"url\":\"https:\/\/www.educaria.com\/wp-content\/uploads\/logo_EDUCARIA_retina_movil.png\",\"contentUrl\":\"https:\/\/www.educaria.com\/wp-content\/uploads\/logo_EDUCARIA_retina_movil.png\",\"width\":400,\"height\":140,\"caption\":\"Educaria\"},\"image\":{\"@id\":\"https:\/\/www.educaria.com\/#\/schema\/logo\/image\/\"},\"sameAs\":[\"https:\/\/x.com\/AlexiaEducacion\",\"https:\/\/www.linkedin.com\/company\/educaria-euro\/\",\"https:\/\/www.youtube.com\/channel\/UCZMVGcQlPf8o0UscOK3cxuA\"]}]}<\/script>\r\n<!-- \/ Yoast SEO plugin. -->","yoast_head_json":{"title":"Contacte - Educaria","robots":{"index":"index","follow":"follow","max-snippet":"max-snippet:-1","max-image-preview":"max-image-preview:large","max-video-preview":"max-video-preview:-1"},"canonical":"https:\/\/www.educaria.com\/ca\/contacte\/","og_locale":"ca_ES","og_type":"article","og_title":"Contacte - Educaria","og_url":"https:\/\/www.educaria.com\/ca\/contacte\/","og_site_name":"Educaria","article_modified_time":"2025-12-18T11:17:39+00:00","twitter_card":"summary_large_image","twitter_site":"@AlexiaEducacion","twitter_misc":{"Temps estimat de lectura":"2 minuts"},"schema":{"@context":"https:\/\/schema.org","@graph":[{"@type":"WebPage","@id":"https:\/\/www.educaria.com\/ca\/contacte\/","url":"https:\/\/www.educaria.com\/ca\/contacte\/","name":"Contacte - Educaria","isPartOf":{"@id":"https:\/\/www.educaria.com\/#website"},"datePublished":"2019-05-23T07:34:46+00:00","dateModified":"2025-12-18T11:17:39+00:00","breadcrumb":{"@id":"https:\/\/www.educaria.com\/ca\/contacte\/#breadcrumb"},"inLanguage":"ca","potentialAction":[{"@type":"ReadAction","target":["https:\/\/www.educaria.com\/ca\/contacte\/"]}]},{"@type":"BreadcrumbList","@id":"https:\/\/www.educaria.com\/ca\/contacte\/#breadcrumb","itemListElement":[{"@type":"ListItem","position":1,"name":"Portada","item":"https:\/\/www.educaria.com\/ca\/"},{"@type":"ListItem","position":2,"name":"Contacte"}]},{"@type":"WebSite","@id":"https:\/\/www.educaria.com\/#website","url":"https:\/\/www.educaria.com\/","name":"Educaria","description":"M\u00e1s de 50 a\u00f1os desarrollando soluciones TIC para el sector educativo","publisher":{"@id":"https:\/\/www.educaria.com\/#organization"},"potentialAction":[{"@type":"SearchAction","target":{"@type":"EntryPoint","urlTemplate":"https:\/\/www.educaria.com\/?s={search_term_string}"},"query-input":{"@type":"PropertyValueSpecification","valueRequired":true,"valueName":"search_term_string"}}],"inLanguage":"ca"},{"@type":"Organization","@id":"https:\/\/www.educaria.com\/#organization","name":"Educaria","url":"https:\/\/www.educaria.com\/","logo":{"@type":"ImageObject","inLanguage":"ca","@id":"https:\/\/www.educaria.com\/#\/schema\/logo\/image\/","url":"https:\/\/www.educaria.com\/wp-content\/uploads\/logo_EDUCARIA_retina_movil.png","contentUrl":"https:\/\/www.educaria.com\/wp-content\/uploads\/logo_EDUCARIA_retina_movil.png","width":400,"height":140,"caption":"Educaria"},"image":{"@id":"https:\/\/www.educaria.com\/#\/schema\/logo\/image\/"},"sameAs":["https:\/\/x.com\/AlexiaEducacion","https:\/\/www.linkedin.com\/company\/educaria-euro\/","https:\/\/www.youtube.com\/channel\/UCZMVGcQlPf8o0UscOK3cxuA"]}]}},"_links":{"self":[{"href":"https:\/\/www.educaria.com\/ca\/wp-json\/wp\/v2\/pages\/591","targetHints":{"allow":["GET"]}}],"collection":[{"href":"https:\/\/www.educaria.com\/ca\/wp-json\/wp\/v2\/pages"}],"about":[{"href":"https:\/\/www.educaria.com\/ca\/wp-json\/wp\/v2\/types\/page"}],"author":[{"embeddable":true,"href":"https:\/\/www.educaria.com\/ca\/wp-json\/wp\/v2\/users\/1"}],"replies":[{"embeddable":true,"href":"https:\/\/www.educaria.com\/ca\/wp-json\/wp\/v2\/comments?post=591"}],"version-history":[{"count":20,"href":"https:\/\/www.educaria.com\/ca\/wp-json\/wp\/v2\/pages\/591\/revisions"}],"predecessor-version":[{"id":6355,"href":"https:\/\/www.educaria.com\/ca\/wp-json\/wp\/v2\/pages\/591\/revisions\/6355"}],"wp:attachment":[{"href":"https:\/\/www.educaria.com\/ca\/wp-json\/wp\/v2\/media?parent=591"}],"curies":[{"name":"wp","href":"https:\/\/api.w.org\/{rel}","templated":true}]}}