{"id":574,"date":"2019-04-29T11:53:26","date_gmt":"2019-04-29T09:53:26","guid":{"rendered":"http:\/\/www.educaria.com\/quienes-somos\/"},"modified":"2022-05-12T11:56:21","modified_gmt":"2022-05-12T09:56:21","slug":"qui-som","status":"publish","type":"page","link":"https:\/\/www.educaria.com\/ca\/qui-som\/","title":{"rendered":"Qui som"},"content":{"rendered":"<p><div class=\"fusion-fullwidth fullwidth-box fusion-builder-row-1 fusion-parallax-none nonhundred-percent-fullwidth non-hundred-percent-height-scrolling\" style=\"--awb-background-repeat:repeat-x;--awb-border-radius-top-left:0px;--awb-border-radius-top-right:0px;--awb-border-radius-bottom-right:0px;--awb-border-radius-bottom-left:0px;--awb-padding-right:0px;--awb-padding-left:0px;--awb-background-image:url(&quot;https:\/\/www.educaria.com\/wp-content\/uploads\/iStock-914202400-web.jpg&quot;);--awb-flex-wrap:wrap;\" ><div class=\"fusion-builder-row fusion-row\"><div class=\"fusion-layout-column fusion_builder_column fusion-builder-column-0 fusion_builder_column_1_1 1_1 fusion-one-full fusion-column-first fusion-column-last fusion-animated\" style=\"--awb-padding-top:100px;--awb-padding-bottom:100px;--awb-bg-image:url(&#039;https:\/\/www.educaria.com\/wp-content\/uploads\/cab_educaria_bkg_quienes.png&#039;);--awb-bg-position:center center;--awb-bg-repeat:repeat-y;\" data-animationType=\"slideInLeft\" data-animationDuration=\"0.3\" data-animationOffset=\"top-into-view\"><div class=\"fusion-column-wrapper fusion-column-has-shadow fusion-flex-column-wrapper-legacy fusion-column-has-bg-image\" data-bg-url=\"https:\/\/www.educaria.com\/wp-content\/uploads\/cab_educaria_bkg_quienes.png\"><div class=\"fusion-column-content-centered\"><div class=\"fusion-column-content\"><div class=\"fusion-text fusion-text-1\"><h2 style=\"text-align: center;\">Qui som<\/h2>\n<\/div><\/div><\/div><div class=\"fusion-clearfix\"><\/div><\/div><\/div><\/div><\/div><div class=\"fusion-fullwidth fullwidth-box fusion-builder-row-2 nonhundred-percent-fullwidth non-hundred-percent-height-scrolling fusion-equal-height-columns\" style=\"--awb-background-repeat:repeat-y;--awb-border-radius-top-left:0px;--awb-border-radius-top-right:0px;--awb-border-radius-bottom-right:0px;--awb-border-radius-bottom-left:0px;--awb-padding-top:0px;--awb-padding-right:0px;--awb-padding-bottom:0px;--awb-padding-left:0px;--awb-margin-top:0px;--awb-margin-bottom:0px;--awb-flex-wrap:wrap;\" ><div class=\"fusion-builder-row fusion-row\"><div class=\"fusion-layout-column fusion_builder_column fusion-builder-column-1 fusion_builder_column_1_2 1_2 fusion-one-half fusion-column-first fusion-animated\" style=\"--awb-padding-top:100px;--awb-padding-right:10%;--awb-padding-bottom:100px;--awb-padding-left:10%;--awb-bg-image:url(&#039;https:\/\/www.educaria.com\/wp-content\/uploads\/img_educaria_bkg_1.png&#039;);--awb-bg-position:right center;--awb-bg-repeat:repeat-y;width:50%;width:calc(50% - ( ( 0px ) * 0.5 ) );margin-right: 0px;\" data-animationType=\"fadeInLeft\" data-animationDuration=\"0.3\" data-animationOffset=\"top-into-view\"><div class=\"fusion-column-wrapper fusion-column-has-shadow fusion-flex-column-wrapper-legacy fusion-column-has-bg-image\" data-bg-url=\"https:\/\/www.educaria.com\/wp-content\/uploads\/img_educaria_bkg_1.png\"><div class=\"fusion-column-content-centered\"><div class=\"fusion-column-content\"><div class=\"fusion-image-element fusion-image-align-center in-legacy-container\" style=\"text-align:center;--awb-max-width:500px;--awb-caption-title-font-family:var(--h2_typography-font-family);--awb-caption-title-font-weight:var(--h2_typography-font-weight);--awb-caption-title-font-style:var(--h2_typography-font-style);--awb-caption-title-size:var(--h2_typography-font-size);--awb-caption-title-transform:var(--h2_typography-text-transform);--awb-caption-title-line-height:var(--h2_typography-line-height);--awb-caption-title-letter-spacing:var(--h2_typography-letter-spacing);\"><div class=\"imageframe-align-center\"><span class=\" fusion-imageframe imageframe-dropshadow imageframe-1 hover-type-none\" style=\"border-radius:8px;-webkit-box-shadow: 3px 3px 7px rgba(0,0,0,0.3);box-shadow: 3px 3px 7px rgba(0,0,0,0.3);\"><img decoding=\"async\" width=\"500\" height=\"334\" title=\"Classroom with teacher and students\" src=\"http:\/\/www.educaria.com\/wp-content\/uploads\/iStock-870301574-web2.jpg\" alt class=\"img-responsive wp-image-944\" srcset=\"https:\/\/www.educaria.com\/wp-content\/uploads\/iStock-870301574-web2-200x134.jpg 200w, https:\/\/www.educaria.com\/wp-content\/uploads\/iStock-870301574-web2-400x267.jpg 400w, https:\/\/www.educaria.com\/wp-content\/uploads\/iStock-870301574-web2.jpg 500w\" sizes=\"(max-width: 800px) 100vw, 500px\" \/><\/span><\/div><\/div><\/div><\/div><div class=\"fusion-clearfix\"><\/div><\/div><\/div><div class=\"fusion-layout-column fusion_builder_column fusion-builder-column-2 fusion_builder_column_1_2 1_2 fusion-one-half fusion-column-last\" style=\"--awb-padding-right:10%;--awb-padding-left:10%;--awb-bg-size:cover;width:50%;width:calc(50% - ( ( 0px ) * 0.5 ) );\"><div class=\"fusion-column-wrapper fusion-column-has-shadow fusion-flex-column-wrapper-legacy\"><div class=\"fusion-column-content-centered\"><div class=\"fusion-column-content\"><div class=\"fusion-text fusion-text-2\"><h4><span style=\"font-size: 32px;\">Sobre Educaria<\/span><br \/>\nA Educaria ens dediquem exclusivament a l\u2019\u00e0mbit de l\u2019ensenyament, i som una empresa l\u00edder a Espanya i Llatinoam\u00e8rica.<\/h4>\n<p>La nostra activitat se centra en el desenvolupament de solucions digitals dissenyades per a optimitzar la gesti\u00f3 dels centres educatius i agrupacions, renovar llurs processos d\u2019ensenyament i aprenentatge, i impulsar llurs projectes d\u2019innovaci\u00f3 educativa i llurs estrat\u00e8gies de continguts digitals.<\/p>\n<p>Oferim un servei integral que va des del disseny i implementaci\u00f3 de l\u2019ecosistema digital del centre, fins al desenvolupament de programes d\u2019avaluaci\u00f3 de resultats i la consultoria especialitzada, adre\u00e7ada a assolir uns resultats excel\u00b7lents i sostenibles en el temps.<\/p>\n<p>Som una companyia \u00e8tica, de treballadors \u00edntegres, amb preocupaci\u00f3 pels seus clients i per les persones que formen part de l\u2019equip, que vol aportar a la societat.<\/p>\n<\/div><\/div><\/div><div class=\"fusion-clearfix\"><\/div><\/div><\/div><\/div><\/div><div class=\"fusion-fullwidth fullwidth-box fusion-builder-row-3 nonhundred-percent-fullwidth non-hundred-percent-height-scrolling fusion-equal-height-columns\" style=\"--awb-border-radius-top-left:0px;--awb-border-radius-top-right:0px;--awb-border-radius-bottom-right:0px;--awb-border-radius-bottom-left:0px;--awb-padding-top:0px;--awb-padding-left:0px;--awb-margin-top:0px;--awb-margin-bottom:0px;--awb-background-color:#ced54b;--awb-flex-wrap:wrap;\" ><div class=\"fusion-builder-row fusion-row\"><div class=\"fusion-layout-column fusion_builder_column fusion-builder-column-3 fusion_builder_column_1_1 1_1 fusion-one-full fusion-column-first fusion-column-last\" style=\"--awb-padding-top:30px;--awb-padding-bottom:10px;--awb-bg-size:cover;\"><div class=\"fusion-column-wrapper fusion-column-has-shadow fusion-flex-column-wrapper-legacy\"><div class=\"fusion-column-content-centered\"><div class=\"fusion-column-content\"><div class=\"fusion-image-element fusion-image-align-center in-legacy-container\" style=\"text-align:center;--awb-caption-title-font-family:var(--h2_typography-font-family);--awb-caption-title-font-weight:var(--h2_typography-font-weight);--awb-caption-title-font-style:var(--h2_typography-font-style);--awb-caption-title-size:var(--h2_typography-font-size);--awb-caption-title-transform:var(--h2_typography-text-transform);--awb-caption-title-line-height:var(--h2_typography-line-height);--awb-caption-title-letter-spacing:var(--h2_typography-letter-spacing);\"><div class=\"imageframe-align-center\"><span class=\" fusion-imageframe imageframe-none imageframe-2 hover-type-none\"><img decoding=\"async\" width=\"200\" height=\"30\" title=\"img_educaria_bolitas\" src=\"https:\/\/www.educaria.com\/wp-content\/uploads\/2019\/04\/img_educaria_bolitas.png\" alt class=\"img-responsive wp-image-1012\" srcset=\"https:\/\/www.educaria.com\/wp-content\/uploads\/2019\/04\/img_educaria_bolitas-150x23.png 150w, https:\/\/www.educaria.com\/wp-content\/uploads\/2019\/04\/img_educaria_bolitas.png 200w\" sizes=\"(max-width: 200px) 100vw, 200px\" \/><\/span><\/div><\/div><\/div><\/div><div class=\"fusion-clearfix\"><\/div><\/div><\/div><\/div><\/div><\/p>\n","protected":false},"excerpt":{"rendered":"","protected":false},"author":1,"featured_media":0,"parent":0,"menu_order":0,"comment_status":"closed","ping_status":"closed","template":"100-width.php","meta":{"footnotes":""},"class_list":["post-574","page","type-page","status-publish","hentry"],"yoast_head":"<!-- This site is optimized with the Yoast SEO plugin v26.3 - https:\/\/yoast.com\/wordpress\/plugins\/seo\/ -->\r\n<title>Qui som - Educaria<\/title>\r\n<meta name=\"robots\" content=\"index, follow, max-snippet:-1, max-image-preview:large, max-video-preview:-1\" \/>\r\n<link rel=\"canonical\" href=\"https:\/\/www.educaria.com\/ca\/qui-som\/\" \/>\r\n<meta property=\"og:locale\" content=\"ca_ES\" \/>\r\n<meta property=\"og:type\" content=\"article\" \/>\r\n<meta property=\"og:title\" content=\"Qui som - Educaria\" \/>\r\n<meta property=\"og:url\" content=\"https:\/\/www.educaria.com\/ca\/qui-som\/\" \/>\r\n<meta property=\"og:site_name\" content=\"Educaria\" \/>\r\n<meta property=\"article:modified_time\" content=\"2022-05-12T09:56:21+00:00\" \/>\r\n<meta name=\"twitter:card\" content=\"summary_large_image\" \/>\r\n<meta name=\"twitter:site\" content=\"@AlexiaEducacion\" \/>\r\n<meta name=\"twitter:label1\" content=\"Temps estimat de lectura\" \/>\n\t<meta name=\"twitter:data1\" content=\"9 minuts\" \/>\r\n<script type=\"application\/ld+json\" class=\"yoast-schema-graph\">{\"@context\":\"https:\/\/schema.org\",\"@graph\":[{\"@type\":\"WebPage\",\"@id\":\"https:\/\/www.educaria.com\/ca\/qui-som\/\",\"url\":\"https:\/\/www.educaria.com\/ca\/qui-som\/\",\"name\":\"Qui som - Educaria\",\"isPartOf\":{\"@id\":\"https:\/\/www.educaria.com\/#website\"},\"datePublished\":\"2019-04-29T09:53:26+00:00\",\"dateModified\":\"2022-05-12T09:56:21+00:00\",\"breadcrumb\":{\"@id\":\"https:\/\/www.educaria.com\/ca\/qui-som\/#breadcrumb\"},\"inLanguage\":\"ca\",\"potentialAction\":[{\"@type\":\"ReadAction\",\"target\":[\"https:\/\/www.educaria.com\/ca\/qui-som\/\"]}]},{\"@type\":\"BreadcrumbList\",\"@id\":\"https:\/\/www.educaria.com\/ca\/qui-som\/#breadcrumb\",\"itemListElement\":[{\"@type\":\"ListItem\",\"position\":1,\"name\":\"Portada\",\"item\":\"https:\/\/www.educaria.com\/ca\/\"},{\"@type\":\"ListItem\",\"position\":2,\"name\":\"Qui som\"}]},{\"@type\":\"WebSite\",\"@id\":\"https:\/\/www.educaria.com\/#website\",\"url\":\"https:\/\/www.educaria.com\/\",\"name\":\"Educaria\",\"description\":\"M\u00e1s de 50 a\u00f1os desarrollando soluciones TIC para el sector educativo\",\"publisher\":{\"@id\":\"https:\/\/www.educaria.com\/#organization\"},\"potentialAction\":[{\"@type\":\"SearchAction\",\"target\":{\"@type\":\"EntryPoint\",\"urlTemplate\":\"https:\/\/www.educaria.com\/?s={search_term_string}\"},\"query-input\":{\"@type\":\"PropertyValueSpecification\",\"valueRequired\":true,\"valueName\":\"search_term_string\"}}],\"inLanguage\":\"ca\"},{\"@type\":\"Organization\",\"@id\":\"https:\/\/www.educaria.com\/#organization\",\"name\":\"Educaria\",\"url\":\"https:\/\/www.educaria.com\/\",\"logo\":{\"@type\":\"ImageObject\",\"inLanguage\":\"ca\",\"@id\":\"https:\/\/www.educaria.com\/#\/schema\/logo\/image\/\",\"url\":\"https:\/\/www.educaria.com\/wp-content\/uploads\/logo_EDUCARIA_retina_movil.png\",\"contentUrl\":\"https:\/\/www.educaria.com\/wp-content\/uploads\/logo_EDUCARIA_retina_movil.png\",\"width\":400,\"height\":140,\"caption\":\"Educaria\"},\"image\":{\"@id\":\"https:\/\/www.educaria.com\/#\/schema\/logo\/image\/\"},\"sameAs\":[\"https:\/\/x.com\/AlexiaEducacion\",\"https:\/\/www.linkedin.com\/company\/educaria-euro\/\",\"https:\/\/www.youtube.com\/channel\/UCZMVGcQlPf8o0UscOK3cxuA\"]}]}<\/script>\r\n<!-- \/ Yoast SEO plugin. -->","yoast_head_json":{"title":"Qui som - Educaria","robots":{"index":"index","follow":"follow","max-snippet":"max-snippet:-1","max-image-preview":"max-image-preview:large","max-video-preview":"max-video-preview:-1"},"canonical":"https:\/\/www.educaria.com\/ca\/qui-som\/","og_locale":"ca_ES","og_type":"article","og_title":"Qui som - Educaria","og_url":"https:\/\/www.educaria.com\/ca\/qui-som\/","og_site_name":"Educaria","article_modified_time":"2022-05-12T09:56:21+00:00","twitter_card":"summary_large_image","twitter_site":"@AlexiaEducacion","twitter_misc":{"Temps estimat de lectura":"9 minuts"},"schema":{"@context":"https:\/\/schema.org","@graph":[{"@type":"WebPage","@id":"https:\/\/www.educaria.com\/ca\/qui-som\/","url":"https:\/\/www.educaria.com\/ca\/qui-som\/","name":"Qui som - Educaria","isPartOf":{"@id":"https:\/\/www.educaria.com\/#website"},"datePublished":"2019-04-29T09:53:26+00:00","dateModified":"2022-05-12T09:56:21+00:00","breadcrumb":{"@id":"https:\/\/www.educaria.com\/ca\/qui-som\/#breadcrumb"},"inLanguage":"ca","potentialAction":[{"@type":"ReadAction","target":["https:\/\/www.educaria.com\/ca\/qui-som\/"]}]},{"@type":"BreadcrumbList","@id":"https:\/\/www.educaria.com\/ca\/qui-som\/#breadcrumb","itemListElement":[{"@type":"ListItem","position":1,"name":"Portada","item":"https:\/\/www.educaria.com\/ca\/"},{"@type":"ListItem","position":2,"name":"Qui som"}]},{"@type":"WebSite","@id":"https:\/\/www.educaria.com\/#website","url":"https:\/\/www.educaria.com\/","name":"Educaria","description":"M\u00e1s de 50 a\u00f1os desarrollando soluciones TIC para el sector educativo","publisher":{"@id":"https:\/\/www.educaria.com\/#organization"},"potentialAction":[{"@type":"SearchAction","target":{"@type":"EntryPoint","urlTemplate":"https:\/\/www.educaria.com\/?s={search_term_string}"},"query-input":{"@type":"PropertyValueSpecification","valueRequired":true,"valueName":"search_term_string"}}],"inLanguage":"ca"},{"@type":"Organization","@id":"https:\/\/www.educaria.com\/#organization","name":"Educaria","url":"https:\/\/www.educaria.com\/","logo":{"@type":"ImageObject","inLanguage":"ca","@id":"https:\/\/www.educaria.com\/#\/schema\/logo\/image\/","url":"https:\/\/www.educaria.com\/wp-content\/uploads\/logo_EDUCARIA_retina_movil.png","contentUrl":"https:\/\/www.educaria.com\/wp-content\/uploads\/logo_EDUCARIA_retina_movil.png","width":400,"height":140,"caption":"Educaria"},"image":{"@id":"https:\/\/www.educaria.com\/#\/schema\/logo\/image\/"},"sameAs":["https:\/\/x.com\/AlexiaEducacion","https:\/\/www.linkedin.com\/company\/educaria-euro\/","https:\/\/www.youtube.com\/channel\/UCZMVGcQlPf8o0UscOK3cxuA"]}]}},"_links":{"self":[{"href":"https:\/\/www.educaria.com\/ca\/wp-json\/wp\/v2\/pages\/574","targetHints":{"allow":["GET"]}}],"collection":[{"href":"https:\/\/www.educaria.com\/ca\/wp-json\/wp\/v2\/pages"}],"about":[{"href":"https:\/\/www.educaria.com\/ca\/wp-json\/wp\/v2\/types\/page"}],"author":[{"embeddable":true,"href":"https:\/\/www.educaria.com\/ca\/wp-json\/wp\/v2\/users\/1"}],"replies":[{"embeddable":true,"href":"https:\/\/www.educaria.com\/ca\/wp-json\/wp\/v2\/comments?post=574"}],"version-history":[{"count":16,"href":"https:\/\/www.educaria.com\/ca\/wp-json\/wp\/v2\/pages\/574\/revisions"}],"predecessor-version":[{"id":4052,"href":"https:\/\/www.educaria.com\/ca\/wp-json\/wp\/v2\/pages\/574\/revisions\/4052"}],"wp:attachment":[{"href":"https:\/\/www.educaria.com\/ca\/wp-json\/wp\/v2\/media?parent=574"}],"curies":[{"name":"wp","href":"https:\/\/api.w.org\/{rel}","templated":true}]}}