{"id":5702,"date":"2025-07-22T13:37:41","date_gmt":"2025-07-22T11:37:41","guid":{"rendered":"https:\/\/www.educaria.com\/?page_id=5702"},"modified":"2025-07-24T13:24:03","modified_gmt":"2025-07-24T11:24:03","slug":"plataformes-gestio-educativa","status":"publish","type":"page","link":"https:\/\/www.educaria.com\/ca\/plataformes-gestio-educativa\/","title":{"rendered":"Plataformes de gesti\u00f3 educativa"},"content":{"rendered":"<p><div class=\"fusion-fullwidth fullwidth-box fusion-builder-row-1 fusion-flex-container fusion-parallax-none nonhundred-percent-fullwidth non-hundred-percent-height-scrolling\" style=\"--awb-background-position:center bottom;--awb-background-repeat:repeat-x;--awb-border-radius-top-left:0px;--awb-border-radius-top-right:0px;--awb-border-radius-bottom-right:0px;--awb-border-radius-bottom-left:0px;--awb-padding-top:40px;--awb-padding-right:40px;--awb-padding-bottom:40px;--awb-padding-left:40px;--awb-background-image:url(&quot;https:\/\/www.educaria.com\/wp-content\/uploads\/img_cab_bkg_Alexia_laptop_web.png&quot;);--awb-flex-wrap:wrap;\" ><div class=\"fusion-builder-row fusion-row fusion-flex-align-items-flex-start fusion-flex-justify-content-center fusion-flex-content-wrap\" style=\"max-width:110%;margin-left: calc(-10% \/ 2 );margin-right: calc(-10% \/ 2 );\"><div class=\"fusion-layout-column fusion_builder_column fusion-builder-column-0 fusion_builder_column_1_1 1_1 fusion-flex-column fusion-no-small-visibility fusion-animated\" style=\"--awb-padding-top:150px;--awb-padding-bottom:150px;--awb-bg-image:url(&#039;https:\/\/www.educaria.com\/wp-content\/uploads\/Educaria-cubo-cab-verde4.png&#039;);--awb-bg-position:center center;--awb-bg-blend:overlay;--awb-bg-repeat:repeat-y;--awb-width-large:100%;--awb-margin-top-large:0px;--awb-spacing-right-large:4.5%;--awb-margin-bottom-large:0px;--awb-spacing-left-large:4.5%;--awb-width-medium:100%;--awb-order-medium:0;--awb-spacing-right-medium:4.5%;--awb-spacing-left-medium:4.5%;--awb-width-small:100%;--awb-order-small:0;--awb-spacing-right-small:4.5%;--awb-spacing-left-small:4.5%;\" data-animationType=\"slideInLeft\" data-animationDuration=\"0.3\" data-animationOffset=\"top-into-view\" data-scroll-devices=\"small-visibility,medium-visibility,large-visibility\"><div class=\"fusion-column-wrapper fusion-column-has-shadow fusion-flex-justify-content-center fusion-content-layout-column fusion-column-has-bg-image\" data-bg-url=\"https:\/\/www.educaria.com\/wp-content\/uploads\/Educaria-cubo-cab-verde4.png\"><div class=\"fusion-text fusion-text-1\" style=\"--awb-text-color:#003479;\"><h2 style=\"text-align: center; color: #ffffff;\">Plataformes de<br \/>\ngesti\u00f3 educativa<\/h2>\n<\/div><\/div><\/div><div class=\"fusion-layout-column fusion_builder_column fusion-builder-column-1 fusion_builder_column_1_1 1_1 fusion-flex-column fusion-no-medium-visibility fusion-no-large-visibility fusion-animated\" style=\"--awb-padding-top:100px;--awb-padding-bottom:100px;--awb-bg-image:url(&#039;https:\/\/www.educaria.com\/wp-content\/uploads\/Educaria-cubo-cab-verde4.png&#039;);--awb-bg-position:center center;--awb-bg-blend:overlay;--awb-bg-repeat:repeat-y;--awb-width-large:100%;--awb-margin-top-large:0px;--awb-spacing-right-large:4.5%;--awb-margin-bottom-large:0px;--awb-spacing-left-large:4.5%;--awb-width-medium:100%;--awb-order-medium:0;--awb-spacing-right-medium:4.5%;--awb-spacing-left-medium:4.5%;--awb-width-small:100%;--awb-order-small:0;--awb-spacing-right-small:4.5%;--awb-spacing-left-small:4.5%;\" data-animationType=\"slideInLeft\" data-animationDuration=\"0.3\" data-animationOffset=\"top-into-view\" data-scroll-devices=\"small-visibility,medium-visibility,large-visibility\"><div class=\"fusion-column-wrapper fusion-column-has-shadow fusion-flex-justify-content-center fusion-content-layout-column fusion-column-has-bg-image\" data-bg-url=\"https:\/\/www.educaria.com\/wp-content\/uploads\/Educaria-cubo-cab-verde4.png\"><div class=\"fusion-text fusion-text-2\"><h3 style=\"text-align: center; color: #ffffff;\">Plataformes de<br \/>\ngesti\u00f3 educativa<\/h3>\n<\/div><\/div><\/div><\/div><\/div><div class=\"fusion-fullwidth fullwidth-box fusion-builder-row-2 fusion-flex-container has-pattern-background has-mask-background fusion-parallax-none nonhundred-percent-fullwidth non-hundred-percent-height-scrolling\" style=\"--awb-background-position:left top;--awb-background-repeat:repeat-y;--awb-border-radius-top-left:0px;--awb-border-radius-top-right:0px;--awb-border-radius-bottom-right:0px;--awb-border-radius-bottom-left:0px;--awb-margin-top:5em;--awb-margin-bottom:5em;--awb-background-image:url(&quot;https:\/\/www.educaria.com\/wp-content\/uploads\/Educaria-franja-cab-verde4M.png&quot;);--awb-flex-wrap:wrap;\" ><div class=\"fusion-builder-row fusion-row fusion-flex-align-items-center fusion-flex-justify-content-space-evenly fusion-flex-content-wrap\" style=\"max-width:110%;margin-left: calc(-10% \/ 2 );margin-right: calc(-10% \/ 2 );\"><div class=\"fusion-layout-column fusion_builder_column fusion-builder-column-2 fusion_builder_column_1_2 1_2 fusion-flex-column\" style=\"--awb-padding-left:5%;--awb-bg-repeat:repeat-y;--awb-width-large:50%;--awb-margin-top-large:0px;--awb-spacing-right-large:9%;--awb-margin-bottom-large:0px;--awb-spacing-left-large:9%;--awb-width-medium:100%;--awb-order-medium:0;--awb-spacing-right-medium:4.5%;--awb-spacing-left-medium:4.5%;--awb-width-small:100%;--awb-order-small:0;--awb-spacing-right-small:4.5%;--awb-spacing-left-small:4.5%;\" data-scroll-devices=\"small-visibility,medium-visibility,large-visibility\"><div class=\"fusion-column-wrapper fusion-column-has-shadow fusion-flex-justify-content-center fusion-content-layout-column\"><div class=\"fusion-text fusion-text-3\"><h4>Educaria \u00e9s l\u00edder en la implantaci\u00f3 de sistemes de gesti\u00f3 (SIS) en pa\u00efsos de parla hispana, amb m\u00e9s de 2 milions d&#8217;usuaris.\u200b<\/h4>\n<p>Adaptem les nostres solucions a les particularitats de cada sistema educatiu, i aquest enfocament global, juntament amb la nostra experi\u00e8ncia local, ens permet crear propostes a mesura de cada client, que resolen de manera efectiva problemes reals i que aporten valor. Cada centre educatiu \u00e9s \u00fanic i la gesti\u00f3 ha d&#8217;adaptar-se a les necessitats espec\u00edfiques de cada context.<\/p>\n<\/div><\/div><\/div><div class=\"fusion-layout-column fusion_builder_column fusion-builder-column-3 fusion_builder_column_1_2 1_2 fusion-flex-column fusion-animated\" style=\"--awb-bg-position:right center;--awb-bg-size:cover;--awb-width-large:50%;--awb-margin-top-large:0px;--awb-spacing-right-large:9%;--awb-margin-bottom-large:0px;--awb-spacing-left-large:9%;--awb-width-medium:100%;--awb-order-medium:0;--awb-spacing-right-medium:4.5%;--awb-spacing-left-medium:4.5%;--awb-width-small:100%;--awb-order-small:0;--awb-spacing-right-small:4.5%;--awb-spacing-left-small:4.5%;\" data-animationType=\"fadeInLeft\" data-animationDuration=\"0.3\" data-animationOffset=\"top-into-view\" data-scroll-devices=\"small-visibility,medium-visibility,large-visibility\"><div class=\"fusion-column-wrapper fusion-column-has-shadow fusion-flex-justify-content-center fusion-content-layout-column\"><div class=\"fusion-image-element \" style=\"text-align:center;--awb-max-width:600px;--awb-caption-title-font-family:var(--h2_typography-font-family);--awb-caption-title-font-weight:var(--h2_typography-font-weight);--awb-caption-title-font-style:var(--h2_typography-font-style);--awb-caption-title-size:var(--h2_typography-font-size);--awb-caption-title-transform:var(--h2_typography-text-transform);--awb-caption-title-line-height:var(--h2_typography-line-height);--awb-caption-title-letter-spacing:var(--h2_typography-letter-spacing);\"><span class=\" fusion-imageframe imageframe-none imageframe-1 hover-type-none\" style=\"border-radius:12px;\"><img decoding=\"async\" width=\"1235\" height=\"852\" title=\"Girls walking and boys behind with backs to camera\" src=\"https:\/\/www.educaria.com\/wp-content\/uploads\/chicas-caminando-y-chicos-detras-de-espaldas-la-camara-WEB.jpg\" alt class=\"img-responsive wp-image-5724\" srcset=\"https:\/\/www.educaria.com\/wp-content\/uploads\/chicas-caminando-y-chicos-detras-de-espaldas-la-camara-WEB-200x138.jpg 200w, https:\/\/www.educaria.com\/wp-content\/uploads\/chicas-caminando-y-chicos-detras-de-espaldas-la-camara-WEB-400x276.jpg 400w, https:\/\/www.educaria.com\/wp-content\/uploads\/chicas-caminando-y-chicos-detras-de-espaldas-la-camara-WEB-600x414.jpg 600w, https:\/\/www.educaria.com\/wp-content\/uploads\/chicas-caminando-y-chicos-detras-de-espaldas-la-camara-WEB-800x552.jpg 800w, https:\/\/www.educaria.com\/wp-content\/uploads\/chicas-caminando-y-chicos-detras-de-espaldas-la-camara-WEB-1200x828.jpg 1200w, https:\/\/www.educaria.com\/wp-content\/uploads\/chicas-caminando-y-chicos-detras-de-espaldas-la-camara-WEB.jpg 1235w\" sizes=\"(max-width: 1024px) 100vw, (max-width: 640px) 100vw, 800px\" \/><\/span><\/div><\/div><\/div><\/div><\/div><div class=\"fusion-fullwidth fullwidth-box fusion-builder-row-3 fusion-flex-container has-pattern-background has-mask-background nonhundred-percent-fullwidth non-hundred-percent-height-scrolling\" style=\"--awb-border-radius-top-left:0px;--awb-border-radius-top-right:0px;--awb-border-radius-bottom-right:0px;--awb-border-radius-bottom-left:0px;--awb-flex-wrap:wrap;\" ><div class=\"fusion-builder-row fusion-row fusion-flex-align-items-center fusion-flex-justify-content-center fusion-flex-content-wrap\" style=\"max-width:110%;margin-left: calc(-10% \/ 2 );margin-right: calc(-10% \/ 2 );\"><div class=\"fusion-layout-column fusion_builder_column fusion-builder-column-4 fusion_builder_column_1_1 1_1 fusion-flex-column\" style=\"--awb-bg-size:cover;--awb-width-large:100%;--awb-margin-top-large:0px;--awb-spacing-right-large:4.5%;--awb-margin-bottom-large:60px;--awb-spacing-left-large:4.5%;--awb-width-medium:100%;--awb-order-medium:0;--awb-spacing-right-medium:4.5%;--awb-spacing-left-medium:4.5%;--awb-width-small:100%;--awb-order-small:0;--awb-spacing-right-small:4.5%;--awb-spacing-left-small:4.5%;\" data-scroll-devices=\"small-visibility,medium-visibility,large-visibility\"><div class=\"fusion-column-wrapper fusion-column-has-shadow fusion-flex-justify-content-flex-start fusion-content-layout-column\"><div class=\"fusion-text fusion-text-4\"><h3 style=\"text-align: center;\">Tria el teu pa\u00eds\u200b<\/h3>\n<\/div><\/div><\/div><div class=\"fusion-layout-column fusion_builder_column fusion-builder-column-5 fusion_builder_column_1_4 1_4 fusion-flex-column fusion-animated\" style=\"--awb-bg-size:cover;--awb-width-large:25%;--awb-margin-top-large:0px;--awb-spacing-right-large:18%;--awb-margin-bottom-large:0px;--awb-spacing-left-large:18%;--awb-width-medium:100%;--awb-order-medium:0;--awb-spacing-right-medium:4.5%;--awb-spacing-left-medium:4.5%;--awb-width-small:100%;--awb-order-small:0;--awb-spacing-right-small:4.5%;--awb-spacing-left-small:4.5%;\" data-animationType=\"slideInUp\" data-animationDuration=\"0.3\" data-animationOffset=\"top-into-view\" data-scroll-devices=\"small-visibility,medium-visibility,large-visibility\"><div class=\"fusion-column-wrapper fusion-column-has-shadow fusion-flex-justify-content-flex-start fusion-content-layout-column\"><div class=\"fusion-content-boxes content-boxes columns row fusion-columns-1 fusion-columns-total-1 fusion-content-boxes-1 content-boxes-icon-on-top content-left\" style=\"--awb-title-color:#c5c74e;--awb-hover-accent-color:#003479;--awb-circle-hover-accent-color:#003479;--awb-item-margin-bottom:40px;\" data-animationOffset=\"top-into-view\"><div style=\"--awb-backgroundcolor:rgba(255,255,255,0);\" class=\"fusion-column content-box-column content-box-column content-box-column-1 col-lg-12 col-md-12 col-sm-12 fusion-content-box-hover content-box-column-last content-box-column-last-in-row\"><div class=\"col content-box-wrapper content-wrapper link-area-box link-type-text icon-hover-animation-fade\" data-link=\"http:\/\/www.alexiaeducaria.com\" data-link-target=\"_blank\" data-animationOffset=\"top-into-view\"><div class=\"heading heading-with-icon icon-left\"><a class=\"heading-link\" href=\"http:\/\/www.alexiaeducaria.com\" target=\"_blank\" rel=\"noopener noreferrer\"><div aria-hidden=\"true\" class=\"image\"><img decoding=\"async\" src=\"https:\/\/www.educaria.com\/wp-content\/uploads\/img_educaria_graf_spain_xl.png\" width=\"200\" height=\"200\" alt=\"\" \/><\/div><h2 class=\"content-box-heading\" style=\"--h2_typography-font-size:22px;line-height:27px;\"><b>Espanya<\/b><\/h2><\/a><\/div><\/div><\/div><div class=\"fusion-clearfix\"><\/div><\/div><\/div><\/div><div class=\"fusion-layout-column fusion_builder_column fusion-builder-column-6 fusion_builder_column_1_4 1_4 fusion-flex-column fusion-animated\" style=\"--awb-bg-size:cover;--awb-width-large:25%;--awb-margin-top-large:0px;--awb-spacing-right-large:18%;--awb-margin-bottom-large:0px;--awb-spacing-left-large:18%;--awb-width-medium:100%;--awb-order-medium:0;--awb-spacing-right-medium:4.5%;--awb-spacing-left-medium:4.5%;--awb-width-small:100%;--awb-order-small:0;--awb-spacing-right-small:4.5%;--awb-spacing-left-small:4.5%;\" data-animationType=\"slideInUp\" data-animationDuration=\"0.3\" data-animationOffset=\"top-into-view\" data-scroll-devices=\"small-visibility,medium-visibility,large-visibility\"><div class=\"fusion-column-wrapper fusion-column-has-shadow fusion-flex-justify-content-flex-start fusion-content-layout-column\"><div class=\"fusion-content-boxes content-boxes columns row fusion-columns-1 fusion-columns-total-1 fusion-content-boxes-2 content-boxes-icon-on-top content-left\" style=\"--awb-title-color:#6bb300;--awb-hover-accent-color:#003479;--awb-circle-hover-accent-color:#003479;--awb-item-margin-bottom:40px;\" data-animationOffset=\"top-into-view\"><div style=\"--awb-backgroundcolor:rgba(255,255,255,0);\" class=\"fusion-column content-box-column content-box-column content-box-column-1 col-lg-12 col-md-12 col-sm-12 fusion-content-box-hover content-box-column-last content-box-column-last-in-row\"><div class=\"col content-box-wrapper content-wrapper link-area-box link-type-text icon-hover-animation-fade\" data-link=\"http:\/\/www.alexiaeducacion.cl\" data-link-target=\"_blank\" data-animationOffset=\"top-into-view\"><div class=\"heading heading-with-icon icon-left\"><a class=\"heading-link\" href=\"http:\/\/www.alexiaeducacion.cl\" target=\"_blank\" rel=\"noopener noreferrer\"><div aria-hidden=\"true\" class=\"image\"><img decoding=\"async\" src=\"https:\/\/www.educaria.com\/wp-content\/uploads\/img_educaria_graf_chile_xl.png\" width=\"200\" height=\"200\" alt=\"\" \/><\/div><h2 class=\"content-box-heading\" style=\"--h2_typography-font-size:22px;line-height:27px;\"><b>Xile<\/b><\/h2><\/a><\/div><\/div><\/div><div class=\"fusion-clearfix\"><\/div><\/div><\/div><\/div><div class=\"fusion-layout-column fusion_builder_column fusion-builder-column-7 fusion_builder_column_1_4 1_4 fusion-flex-column fusion-animated\" style=\"--awb-bg-size:cover;--awb-width-large:25%;--awb-margin-top-large:0px;--awb-spacing-right-large:18%;--awb-margin-bottom-large:0px;--awb-spacing-left-large:18%;--awb-width-medium:100%;--awb-order-medium:0;--awb-spacing-right-medium:4.5%;--awb-spacing-left-medium:4.5%;--awb-width-small:100%;--awb-order-small:0;--awb-spacing-right-small:4.5%;--awb-spacing-left-small:4.5%;\" data-animationType=\"slideInUp\" data-animationDuration=\"0.3\" data-animationOffset=\"top-into-view\" data-scroll-devices=\"small-visibility,medium-visibility,large-visibility\"><div class=\"fusion-column-wrapper fusion-column-has-shadow fusion-flex-justify-content-flex-start fusion-content-layout-column\"><div class=\"fusion-content-boxes content-boxes columns row fusion-columns-1 fusion-columns-total-1 fusion-content-boxes-3 content-boxes-icon-on-top content-left\" style=\"--awb-title-color:#73ae57;--awb-hover-accent-color:#003479;--awb-circle-hover-accent-color:#003479;--awb-item-margin-bottom:40px;\" data-animationOffset=\"top-into-view\"><div style=\"--awb-backgroundcolor:rgba(255,255,255,0);\" class=\"fusion-column content-box-column content-box-column content-box-column-1 col-lg-12 col-md-12 col-sm-12 fusion-content-box-hover content-box-column-last content-box-column-last-in-row\"><div class=\"col content-box-wrapper content-wrapper link-area-box link-type-text icon-hover-animation-fade\" data-link=\"https:\/\/acadeu.com\/\" data-link-target=\"_blank\" data-animationOffset=\"top-into-view\"><div class=\"heading heading-with-icon icon-left\"><a class=\"heading-link\" href=\"https:\/\/acadeu.com\/\" target=\"_blank\" rel=\"noopener noreferrer\"><div aria-hidden=\"true\" class=\"image\"><img decoding=\"async\" src=\"https:\/\/www.educaria.com\/wp-content\/uploads\/img_educaria_graf_argentina_xl.png\" width=\"200\" height=\"200\" alt=\"\" \/><\/div><h2 class=\"content-box-heading\" style=\"--h2_typography-font-size:22px;line-height:27px;\"><b>Argentina<\/b><\/h2><\/a><\/div><\/div><\/div><div class=\"fusion-clearfix\"><\/div><\/div><\/div><\/div><\/div><\/div><div class=\"fusion-fullwidth fullwidth-box fusion-builder-row-4 has-pattern-background has-mask-background nonhundred-percent-fullwidth non-hundred-percent-height-scrolling fusion-equal-height-columns\" style=\"--awb-border-radius-top-left:0px;--awb-border-radius-top-right:0px;--awb-border-radius-bottom-right:0px;--awb-border-radius-bottom-left:0px;--awb-padding-top:30px;--awb-padding-bottom:30px;--awb-background-color:#628a37;--awb-flex-wrap:wrap;\" ><div class=\"fusion-builder-row fusion-row\"><div class=\"fusion-layout-column fusion_builder_column fusion-builder-column-8 fusion_builder_column_1_1 1_1 fusion-one-full fusion-column-first fusion-column-last\" style=\"--awb-bg-size:cover;\"><div class=\"fusion-column-wrapper fusion-column-has-shadow fusion-flex-column-wrapper-legacy\"><div class=\"fusion-column-content-centered\"><div class=\"fusion-column-content\"><div class=\"fusion-image-element fusion-image-align-center in-legacy-container\" style=\"text-align:center;--awb-caption-title-font-family:var(--h2_typography-font-family);--awb-caption-title-font-weight:var(--h2_typography-font-weight);--awb-caption-title-font-style:var(--h2_typography-font-style);--awb-caption-title-size:var(--h2_typography-font-size);--awb-caption-title-transform:var(--h2_typography-text-transform);--awb-caption-title-line-height:var(--h2_typography-line-height);--awb-caption-title-letter-spacing:var(--h2_typography-letter-spacing);\"><div class=\"imageframe-align-center\"><span class=\" fusion-imageframe imageframe-none imageframe-2 hover-type-none\"><img decoding=\"async\" width=\"200\" height=\"30\" title=\"img_educaria_bolitas\" src=\"https:\/\/www.educaria.com\/wp-content\/uploads\/2019\/04\/img_educaria_bolitas.png\" alt class=\"img-responsive wp-image-1012\" srcset=\"https:\/\/www.educaria.com\/wp-content\/uploads\/2019\/04\/img_educaria_bolitas-150x23.png 150w, https:\/\/www.educaria.com\/wp-content\/uploads\/2019\/04\/img_educaria_bolitas.png 200w\" sizes=\"(max-width: 200px) 100vw, 200px\" \/><\/span><\/div><\/div><\/div><\/div><div class=\"fusion-clearfix\"><\/div><\/div><\/div><\/div><\/div><\/p>\n","protected":false},"excerpt":{"rendered":"","protected":false},"author":1,"featured_media":0,"parent":0,"menu_order":0,"comment_status":"closed","ping_status":"closed","template":"100-width.php","meta":{"footnotes":""},"class_list":["post-5702","page","type-page","status-publish","hentry"],"yoast_head":"<!-- This site is optimized with the Yoast SEO plugin v26.3 - https:\/\/yoast.com\/wordpress\/plugins\/seo\/ -->\r\n<title>Plataformes de gesti\u00f3 educativa - Educaria<\/title>\r\n<meta name=\"robots\" content=\"index, follow, max-snippet:-1, max-image-preview:large, max-video-preview:-1\" \/>\r\n<link rel=\"canonical\" href=\"https:\/\/www.educaria.com\/ca\/plataformes-gestio-educativa\/\" \/>\r\n<meta property=\"og:locale\" content=\"ca_ES\" \/>\r\n<meta property=\"og:type\" content=\"article\" \/>\r\n<meta property=\"og:title\" content=\"Plataformes de gesti\u00f3 educativa - Educaria\" \/>\r\n<meta property=\"og:url\" content=\"https:\/\/www.educaria.com\/ca\/plataformes-gestio-educativa\/\" \/>\r\n<meta property=\"og:site_name\" content=\"Educaria\" \/>\r\n<meta property=\"article:modified_time\" content=\"2025-07-24T11:24:03+00:00\" \/>\r\n<meta name=\"twitter:card\" content=\"summary_large_image\" \/>\r\n<meta name=\"twitter:site\" content=\"@AlexiaEducacion\" \/>\r\n<meta name=\"twitter:label1\" content=\"Temps estimat de lectura\" \/>\n\t<meta name=\"twitter:data1\" content=\"2 minuts\" \/>\r\n<script type=\"application\/ld+json\" class=\"yoast-schema-graph\">{\"@context\":\"https:\/\/schema.org\",\"@graph\":[{\"@type\":\"WebPage\",\"@id\":\"https:\/\/www.educaria.com\/ca\/plataformes-gestio-educativa\/\",\"url\":\"https:\/\/www.educaria.com\/ca\/plataformes-gestio-educativa\/\",\"name\":\"Plataformes de gesti\u00f3 educativa - Educaria\",\"isPartOf\":{\"@id\":\"https:\/\/www.educaria.com\/#website\"},\"datePublished\":\"2025-07-22T11:37:41+00:00\",\"dateModified\":\"2025-07-24T11:24:03+00:00\",\"breadcrumb\":{\"@id\":\"https:\/\/www.educaria.com\/ca\/plataformes-gestio-educativa\/#breadcrumb\"},\"inLanguage\":\"ca\",\"potentialAction\":[{\"@type\":\"ReadAction\",\"target\":[\"https:\/\/www.educaria.com\/ca\/plataformes-gestio-educativa\/\"]}]},{\"@type\":\"BreadcrumbList\",\"@id\":\"https:\/\/www.educaria.com\/ca\/plataformes-gestio-educativa\/#breadcrumb\",\"itemListElement\":[{\"@type\":\"ListItem\",\"position\":1,\"name\":\"Portada\",\"item\":\"https:\/\/www.educaria.com\/ca\/\"},{\"@type\":\"ListItem\",\"position\":2,\"name\":\"Plataformes de gesti\u00f3 educativa\"}]},{\"@type\":\"WebSite\",\"@id\":\"https:\/\/www.educaria.com\/#website\",\"url\":\"https:\/\/www.educaria.com\/\",\"name\":\"Educaria\",\"description\":\"M\u00e1s de 50 a\u00f1os desarrollando soluciones TIC para el sector educativo\",\"publisher\":{\"@id\":\"https:\/\/www.educaria.com\/#organization\"},\"potentialAction\":[{\"@type\":\"SearchAction\",\"target\":{\"@type\":\"EntryPoint\",\"urlTemplate\":\"https:\/\/www.educaria.com\/?s={search_term_string}\"},\"query-input\":{\"@type\":\"PropertyValueSpecification\",\"valueRequired\":true,\"valueName\":\"search_term_string\"}}],\"inLanguage\":\"ca\"},{\"@type\":\"Organization\",\"@id\":\"https:\/\/www.educaria.com\/#organization\",\"name\":\"Educaria\",\"url\":\"https:\/\/www.educaria.com\/\",\"logo\":{\"@type\":\"ImageObject\",\"inLanguage\":\"ca\",\"@id\":\"https:\/\/www.educaria.com\/#\/schema\/logo\/image\/\",\"url\":\"https:\/\/www.educaria.com\/wp-content\/uploads\/logo_EDUCARIA_retina_movil.png\",\"contentUrl\":\"https:\/\/www.educaria.com\/wp-content\/uploads\/logo_EDUCARIA_retina_movil.png\",\"width\":400,\"height\":140,\"caption\":\"Educaria\"},\"image\":{\"@id\":\"https:\/\/www.educaria.com\/#\/schema\/logo\/image\/\"},\"sameAs\":[\"https:\/\/x.com\/AlexiaEducacion\",\"https:\/\/www.linkedin.com\/company\/educaria-euro\/\",\"https:\/\/www.youtube.com\/channel\/UCZMVGcQlPf8o0UscOK3cxuA\"]}]}<\/script>\r\n<!-- \/ Yoast SEO plugin. -->","yoast_head_json":{"title":"Plataformes de gesti\u00f3 educativa - Educaria","robots":{"index":"index","follow":"follow","max-snippet":"max-snippet:-1","max-image-preview":"max-image-preview:large","max-video-preview":"max-video-preview:-1"},"canonical":"https:\/\/www.educaria.com\/ca\/plataformes-gestio-educativa\/","og_locale":"ca_ES","og_type":"article","og_title":"Plataformes de gesti\u00f3 educativa - Educaria","og_url":"https:\/\/www.educaria.com\/ca\/plataformes-gestio-educativa\/","og_site_name":"Educaria","article_modified_time":"2025-07-24T11:24:03+00:00","twitter_card":"summary_large_image","twitter_site":"@AlexiaEducacion","twitter_misc":{"Temps estimat de lectura":"2 minuts"},"schema":{"@context":"https:\/\/schema.org","@graph":[{"@type":"WebPage","@id":"https:\/\/www.educaria.com\/ca\/plataformes-gestio-educativa\/","url":"https:\/\/www.educaria.com\/ca\/plataformes-gestio-educativa\/","name":"Plataformes de gesti\u00f3 educativa - Educaria","isPartOf":{"@id":"https:\/\/www.educaria.com\/#website"},"datePublished":"2025-07-22T11:37:41+00:00","dateModified":"2025-07-24T11:24:03+00:00","breadcrumb":{"@id":"https:\/\/www.educaria.com\/ca\/plataformes-gestio-educativa\/#breadcrumb"},"inLanguage":"ca","potentialAction":[{"@type":"ReadAction","target":["https:\/\/www.educaria.com\/ca\/plataformes-gestio-educativa\/"]}]},{"@type":"BreadcrumbList","@id":"https:\/\/www.educaria.com\/ca\/plataformes-gestio-educativa\/#breadcrumb","itemListElement":[{"@type":"ListItem","position":1,"name":"Portada","item":"https:\/\/www.educaria.com\/ca\/"},{"@type":"ListItem","position":2,"name":"Plataformes de gesti\u00f3 educativa"}]},{"@type":"WebSite","@id":"https:\/\/www.educaria.com\/#website","url":"https:\/\/www.educaria.com\/","name":"Educaria","description":"M\u00e1s de 50 a\u00f1os desarrollando soluciones TIC para el sector educativo","publisher":{"@id":"https:\/\/www.educaria.com\/#organization"},"potentialAction":[{"@type":"SearchAction","target":{"@type":"EntryPoint","urlTemplate":"https:\/\/www.educaria.com\/?s={search_term_string}"},"query-input":{"@type":"PropertyValueSpecification","valueRequired":true,"valueName":"search_term_string"}}],"inLanguage":"ca"},{"@type":"Organization","@id":"https:\/\/www.educaria.com\/#organization","name":"Educaria","url":"https:\/\/www.educaria.com\/","logo":{"@type":"ImageObject","inLanguage":"ca","@id":"https:\/\/www.educaria.com\/#\/schema\/logo\/image\/","url":"https:\/\/www.educaria.com\/wp-content\/uploads\/logo_EDUCARIA_retina_movil.png","contentUrl":"https:\/\/www.educaria.com\/wp-content\/uploads\/logo_EDUCARIA_retina_movil.png","width":400,"height":140,"caption":"Educaria"},"image":{"@id":"https:\/\/www.educaria.com\/#\/schema\/logo\/image\/"},"sameAs":["https:\/\/x.com\/AlexiaEducacion","https:\/\/www.linkedin.com\/company\/educaria-euro\/","https:\/\/www.youtube.com\/channel\/UCZMVGcQlPf8o0UscOK3cxuA"]}]}},"_links":{"self":[{"href":"https:\/\/www.educaria.com\/ca\/wp-json\/wp\/v2\/pages\/5702","targetHints":{"allow":["GET"]}}],"collection":[{"href":"https:\/\/www.educaria.com\/ca\/wp-json\/wp\/v2\/pages"}],"about":[{"href":"https:\/\/www.educaria.com\/ca\/wp-json\/wp\/v2\/types\/page"}],"author":[{"embeddable":true,"href":"https:\/\/www.educaria.com\/ca\/wp-json\/wp\/v2\/users\/1"}],"replies":[{"embeddable":true,"href":"https:\/\/www.educaria.com\/ca\/wp-json\/wp\/v2\/comments?post=5702"}],"version-history":[{"count":6,"href":"https:\/\/www.educaria.com\/ca\/wp-json\/wp\/v2\/pages\/5702\/revisions"}],"predecessor-version":[{"id":5907,"href":"https:\/\/www.educaria.com\/ca\/wp-json\/wp\/v2\/pages\/5702\/revisions\/5907"}],"wp:attachment":[{"href":"https:\/\/www.educaria.com\/ca\/wp-json\/wp\/v2\/media?parent=5702"}],"curies":[{"name":"wp","href":"https:\/\/api.w.org\/{rel}","templated":true}]}}