{"id":2984,"date":"2022-11-22T12:23:18","date_gmt":"2022-11-22T11:23:18","guid":{"rendered":"https:\/\/www.educaria.com\/?page_id=2984"},"modified":"2023-03-08T08:59:24","modified_gmt":"2023-03-08T07:59:24","slug":"alexia-suite-educativa","status":"publish","type":"page","link":"https:\/\/www.educaria.com\/ca\/alexia-suite-educativa\/","title":{"rendered":"Alexia Suite Educativa"},"content":{"rendered":"<p><div class=\"fusion-fullwidth fullwidth-box fusion-builder-row-1 fusion-flex-container fusion-parallax-none nonhundred-percent-fullwidth non-hundred-percent-height-scrolling\" style=\"--awb-background-position:center bottom;--awb-background-repeat:repeat-x;--awb-border-radius-top-left:0px;--awb-border-radius-top-right:0px;--awb-border-radius-bottom-right:0px;--awb-border-radius-bottom-left:0px;--awb-padding-top:40px;--awb-padding-right:40px;--awb-padding-bottom:40px;--awb-padding-left:40px;--awb-background-image:url(&quot;https:\/\/www.educaria.com\/wp-content\/uploads\/img_cab_bkg_Alexia_laptop_web.png&quot;);--awb-flex-wrap:wrap;\" ><div class=\"fusion-builder-row fusion-row fusion-flex-align-items-flex-start fusion-flex-justify-content-center fusion-flex-content-wrap\" style=\"max-width:110%;margin-left: calc(-10% \/ 2 );margin-right: calc(-10% \/ 2 );\"><div class=\"fusion-layout-column fusion_builder_column fusion-builder-column-0 fusion_builder_column_1_1 1_1 fusion-flex-column fusion-no-small-visibility fusion-animated\" style=\"--awb-padding-top:150px;--awb-padding-bottom:150px;--awb-bg-image:url(&#039;https:\/\/www.educaria.com\/wp-content\/uploads\/Educaria-cubo-cab-groc-alexia.png&#039;);--awb-bg-position:center center;--awb-bg-blend:overlay;--awb-bg-repeat:repeat-y;--awb-width-large:100%;--awb-margin-top-large:0px;--awb-spacing-right-large:4.5%;--awb-margin-bottom-large:0px;--awb-spacing-left-large:4.5%;--awb-width-medium:100%;--awb-order-medium:0;--awb-spacing-right-medium:4.5%;--awb-spacing-left-medium:4.5%;--awb-width-small:100%;--awb-order-small:0;--awb-spacing-right-small:4.5%;--awb-spacing-left-small:4.5%;\" data-animationType=\"slideInLeft\" data-animationDuration=\"0.3\" data-animationOffset=\"top-into-view\"><div class=\"fusion-column-wrapper fusion-column-has-shadow fusion-flex-justify-content-center fusion-content-layout-column fusion-column-has-bg-image\" data-bg-url=\"https:\/\/www.educaria.com\/wp-content\/uploads\/Educaria-cubo-cab-groc-alexia.png\"><div class=\"fusion-text fusion-text-1\"><h2 style=\"text-align: center;\">Suite educativa<\/h2>\n<\/div><\/div><\/div><div class=\"fusion-layout-column fusion_builder_column fusion-builder-column-1 fusion_builder_column_1_1 1_1 fusion-flex-column fusion-no-medium-visibility fusion-no-large-visibility fusion-animated\" style=\"--awb-padding-top:100px;--awb-padding-bottom:100px;--awb-bg-image:url(&#039;https:\/\/www.educaria.com\/wp-content\/uploads\/Educaria-cubo-cab-groc-alexia.png&#039;);--awb-bg-position:center center;--awb-bg-blend:overlay;--awb-bg-repeat:repeat-y;--awb-width-large:100%;--awb-margin-top-large:0px;--awb-spacing-right-large:4.5%;--awb-margin-bottom-large:0px;--awb-spacing-left-large:4.5%;--awb-width-medium:100%;--awb-order-medium:0;--awb-spacing-right-medium:4.5%;--awb-spacing-left-medium:4.5%;--awb-width-small:100%;--awb-order-small:0;--awb-spacing-right-small:4.5%;--awb-spacing-left-small:4.5%;\" data-animationType=\"slideInLeft\" data-animationDuration=\"0.3\" data-animationOffset=\"top-into-view\"><div class=\"fusion-column-wrapper fusion-column-has-shadow fusion-flex-justify-content-center fusion-content-layout-column fusion-column-has-bg-image\" data-bg-url=\"https:\/\/www.educaria.com\/wp-content\/uploads\/Educaria-cubo-cab-groc-alexia.png\"><div class=\"fusion-text fusion-text-2\"><h3 style=\"text-align: center;\">Suite educativa<\/h3>\n<\/div><\/div><\/div><\/div><\/div><div class=\"fusion-fullwidth fullwidth-box fusion-builder-row-2 has-pattern-background has-mask-background fusion-parallax-none nonhundred-percent-fullwidth non-hundred-percent-height-scrolling fusion-equal-height-columns\" style=\"--awb-background-position:left center;--awb-background-repeat:repeat-y;--awb-border-radius-top-left:0px;--awb-border-radius-top-right:0px;--awb-border-radius-bottom-right:0px;--awb-border-radius-bottom-left:0px;--awb-padding-top:0px;--awb-margin-top:5%;--awb-margin-bottom:5%;--awb-background-image:url(&quot;https:\/\/www.educaria.com\/wp-content\/uploads\/Educaria-franja-azul-alexia.png&quot;);--awb-flex-wrap:wrap;\" ><div class=\"fusion-builder-row fusion-row\"><div class=\"fusion-layout-column fusion_builder_column fusion-builder-column-2 fusion_builder_column_1_2 1_2 fusion-one-half fusion-column-first\" style=\"--awb-bg-position:left center;--awb-bg-repeat:repeat-y;width:50%;width:calc(50% - ( ( 10% ) * 0.5 ) );margin-right: 10%;\"><div class=\"fusion-column-wrapper fusion-column-has-shadow fusion-flex-column-wrapper-legacy\"><div class=\"fusion-column-content-centered\"><div class=\"fusion-column-content\"><div class=\"fusion-text fusion-text-3\"><h2>Alexia, la suite educativa<\/h2>\n<h4>Alexia respon a totes les necessitats de gesti\u00f3, comunicaci\u00f3, ensenyament i aprenentatge dels centres educatius.<\/h4>\n<\/div><div class=\"fusion-sep-clear\"><\/div><div class=\"fusion-separator fusion-full-width-sep\" style=\"margin-left: auto;margin-right: auto;margin-top:5px;margin-bottom:5px;width:100%;\"><div class=\"fusion-separator-border sep-double\" style=\"--awb-height:20px;--awb-amount:20px;border-color:var(--awb-custom10);border-top-width:0px;border-bottom-width:0px;\"><\/div><\/div><div class=\"fusion-sep-clear\"><\/div><div class=\"fusion-text fusion-text-4\"><p>Un entorn multiling\u00fce totalment web, i que es caracteritza per la flexibilitat i per les possibilitats de personalitzaci\u00f3 per adaptar-lo al projecte educatiu. Una soluci\u00f3 amb un equip darrere, que acompanya al centre educatiu en tot el proc\u00e9s de canvi.<\/p>\n<p>Gr\u00e0cies a les seves possibilitats d\u2019integraci\u00f3 amb solucions espec\u00edfiques, el centre educatiu o agrupaci\u00f3 pot construir un ecosistema TIC coherent i integrat.<\/p>\n<\/div><div class=\"fusion-text fusion-text-5\"><p>Per a m\u00e9s informaci\u00f3 visita el nostre web a:<\/p>\n<\/div><div class=\"fusion-alignleft\"><a class=\"fusion-button button-flat button-medium button-default fusion-button-default button-1 fusion-button-default-span fusion-button-default-type\" style=\"--button-border-radius-top-left:14px;--button-border-radius-top-right:14px;--button-border-radius-bottom-right:14px;--button-border-radius-bottom-left:14px;\" target=\"_blank\" rel=\"noopener noreferrer\" href=\"https:\/\/www.alexiaeducaria.com\"><i class=\"fa-globe-europe fas awb-button__icon awb-button__icon--default button-icon-left\" aria-hidden=\"true\"><\/i><span class=\"fusion-button-text awb-button__text awb-button__text--default\">Espanya<\/span><\/a><\/div><div class=\"fusion-alignleft\"><a class=\"fusion-button button-flat button-medium button-default fusion-button-default button-2 fusion-button-default-span fusion-button-default-type\" style=\"--button-border-radius-top-left:14px;--button-border-radius-top-right:14px;--button-border-radius-bottom-right:14px;--button-border-radius-bottom-left:14px;\" target=\"_blank\" rel=\"noopener noreferrer\" href=\"https:\/\/www.alexiaeducaria.com.ar\/\"><i class=\"fa-globe-europe fas awb-button__icon awb-button__icon--default button-icon-left\" aria-hidden=\"true\"><\/i><span class=\"fusion-button-text awb-button__text awb-button__text--default\">Argentina<\/span><\/a><\/div><div class=\"fusion-alignleft\"><a class=\"fusion-button button-flat button-medium button-default fusion-button-default button-3 fusion-button-default-span fusion-button-default-type\" style=\"--button-border-radius-top-left:14px;--button-border-radius-top-right:14px;--button-border-radius-bottom-right:14px;--button-border-radius-bottom-left:14px;\" target=\"_blank\" rel=\"noopener noreferrer\" href=\"https:\/\/alexiaeducacion.cl\/\"><i class=\"fa-globe-europe fas awb-button__icon awb-button__icon--default button-icon-left\" aria-hidden=\"true\"><\/i><span class=\"fusion-button-text awb-button__text awb-button__text--default\">Xile<\/span><\/a><\/div><div class=\"fusion-alignleft\"><a class=\"fusion-button button-flat button-medium button-default fusion-button-default button-4 fusion-button-default-span fusion-button-default-type\" style=\"--button-border-radius-top-left:14px;--button-border-radius-top-right:14px;--button-border-radius-bottom-right:14px;--button-border-radius-bottom-left:14px;\" target=\"_blank\" rel=\"noopener noreferrer\" href=\"https:\/\/alexiaeducaria.com.pe\/\"><i class=\"fa-globe-europe fas awb-button__icon awb-button__icon--default button-icon-left\" aria-hidden=\"true\"><\/i><span class=\"fusion-button-text awb-button__text awb-button__text--default\">Per\u00fa<\/span><\/a><\/div><\/div><\/div><div class=\"fusion-clearfix\"><\/div><\/div><\/div><div class=\"fusion-layout-column fusion_builder_column fusion-builder-column-3 fusion_builder_column_1_2 1_2 fusion-one-half fusion-column-last fusion-animated\" style=\"--awb-padding-top:30px;--awb-padding-bottom:30px;--awb-bg-position:center center;--awb-bg-repeat:repeat;width:50%;width:calc(50% - ( ( 10% ) * 0.5 ) );\" data-animationType=\"fadeInLeft\" data-animationDuration=\"0.3\" data-animationOffset=\"top-into-view\"><div class=\"fusion-column-wrapper fusion-column-has-shadow fusion-flex-column-wrapper-legacy\"><div class=\"fusion-column-content-centered\"><div class=\"fusion-column-content\"><div class=\"fusion-image-element fusion-image-align-center in-legacy-container\" style=\"text-align:center;--awb-caption-title-font-family:var(--h2_typography-font-family);--awb-caption-title-font-weight:var(--h2_typography-font-weight);--awb-caption-title-font-style:var(--h2_typography-font-style);--awb-caption-title-size:var(--h2_typography-font-size);--awb-caption-title-transform:var(--h2_typography-text-transform);--awb-caption-title-line-height:var(--h2_typography-line-height);--awb-caption-title-letter-spacing:var(--h2_typography-letter-spacing);\"><div class=\"imageframe-align-center\"><span class=\" fusion-imageframe imageframe-none imageframe-1 hover-type-none\"><img decoding=\"async\" width=\"500\" height=\"300\" title=\"img_educaria_graf_suite1\" src=\"http:\/\/www.educaria.com\/wp-content\/uploads\/img_educaria_graf_suite1.png\" alt class=\"img-responsive wp-image-722\" srcset=\"https:\/\/www.educaria.com\/wp-content\/uploads\/img_educaria_graf_suite1-200x120.png 200w, https:\/\/www.educaria.com\/wp-content\/uploads\/img_educaria_graf_suite1-400x240.png 400w, https:\/\/www.educaria.com\/wp-content\/uploads\/img_educaria_graf_suite1.png 500w\" sizes=\"(max-width: 800px) 100vw, 500px\" \/><\/span><\/div><\/div><\/div><\/div><div class=\"fusion-clearfix\"><\/div><\/div><\/div><\/div><\/div><div class=\"fusion-fullwidth fullwidth-box fusion-builder-row-3 fusion-flex-container has-pattern-background has-mask-background fusion-parallax-none nonhundred-percent-fullwidth non-hundred-percent-height-scrolling\" style=\"--awb-background-repeat:repeat;--awb-border-radius-top-left:0px;--awb-border-radius-top-right:0px;--awb-border-radius-bottom-right:0px;--awb-border-radius-bottom-left:0px;--awb-padding-top:0px;--awb-padding-right:0px;--awb-padding-bottom:0px;--awb-padding-left:0px;--awb-background-image:url(&quot;https:\/\/www.educaria.com\/wp-content\/uploads\/Educaria-bolitas-bkg-bluealexia.png&quot;);--awb-flex-wrap:wrap;\" ><div class=\"fusion-builder-row fusion-row fusion-flex-align-items-stretch fusion-flex-justify-content-center fusion-flex-content-wrap\" style=\"max-width:calc( 100% + 0px );margin-left: calc(-0px \/ 2 );margin-right: calc(-0px \/ 2 );\"><div class=\"fusion-layout-column fusion_builder_column fusion-builder-column-4 fusion_builder_column_1_2 1_2 fusion-flex-column fusion-animated\" style=\"--awb-padding-top:100px;--awb-padding-right:10%;--awb-padding-bottom:100px;--awb-padding-left:10%;--awb-bg-position:right center;--awb-bg-repeat:repeat-y;--awb-width-large:50%;--awb-margin-top-large:0px;--awb-spacing-right-large:0px;--awb-margin-bottom-large:0px;--awb-spacing-left-large:0px;--awb-width-medium:100%;--awb-order-medium:0;--awb-spacing-right-medium:0px;--awb-spacing-left-medium:0px;--awb-width-small:100%;--awb-order-small:0;--awb-spacing-right-small:0px;--awb-spacing-left-small:0px;\" data-animationType=\"fadeInLeft\" data-animationDuration=\"0.3\" data-animationOffset=\"top-into-view\"><div class=\"fusion-column-wrapper fusion-column-has-shadow fusion-flex-justify-content-center fusion-content-layout-column\"><a class=\"awb-lightbox awb-lightbox-1 ombrapantalla\" href=\"https:\/\/vimeo.com\/659649929\" data-rel=\"iLightbox\"><img decoding=\"async\" src=\"https:\/\/www.educaria.com\/wp-content\/uploads\/video-alexia-portada-vimeo.png\" alt=\"V\u00eddeo Alexia Suite Educativa\"><\/a><div style=\"text-align:center;\"><a class=\"fusion-button button-flat button-medium button-default fusion-button-default button-5 fusion-button-default-span fusion-button-default-type\" style=\"--button-border-radius-top-left:14px;--button-border-radius-top-right:14px;--button-border-radius-bottom-right:14px;--button-border-radius-bottom-left:14px;\" target=\"lightbox\" rel=\"iLightbox\" href=\"https:\/\/vimeo.com\/659649929\"><span class=\"fusion-button-text awb-button__text awb-button__text--default\">Veure el v\u00eddeo<\/span><\/a><\/div><\/div><\/div><\/div><\/div><div class=\"fusion-fullwidth fullwidth-box fusion-builder-row-4 has-pattern-background has-mask-background nonhundred-percent-fullwidth non-hundred-percent-height-scrolling fusion-equal-height-columns\" style=\"--awb-border-radius-top-left:0px;--awb-border-radius-top-right:0px;--awb-border-radius-bottom-right:0px;--awb-border-radius-bottom-left:0px;--awb-padding-top:30px;--awb-padding-bottom:30px;--awb-background-color:#3f96b4;--awb-flex-wrap:wrap;\" ><div class=\"fusion-builder-row fusion-row\"><div class=\"fusion-layout-column fusion_builder_column fusion-builder-column-5 fusion_builder_column_1_1 1_1 fusion-one-full fusion-column-first fusion-column-last\" style=\"--awb-bg-size:cover;\"><div class=\"fusion-column-wrapper fusion-column-has-shadow fusion-flex-column-wrapper-legacy\"><div class=\"fusion-column-content-centered\"><div class=\"fusion-column-content\"><div class=\"fusion-image-element fusion-image-align-center in-legacy-container\" style=\"text-align:center;--awb-caption-title-font-family:var(--h2_typography-font-family);--awb-caption-title-font-weight:var(--h2_typography-font-weight);--awb-caption-title-font-style:var(--h2_typography-font-style);--awb-caption-title-size:var(--h2_typography-font-size);--awb-caption-title-transform:var(--h2_typography-text-transform);--awb-caption-title-line-height:var(--h2_typography-line-height);--awb-caption-title-letter-spacing:var(--h2_typography-letter-spacing);\"><div class=\"imageframe-align-center\"><span class=\" fusion-imageframe imageframe-none imageframe-2 hover-type-none\"><img decoding=\"async\" width=\"200\" height=\"30\" title=\"img_educaria_bolitas\" src=\"https:\/\/www.educaria.com\/wp-content\/uploads\/2019\/04\/img_educaria_bolitas.png\" alt class=\"img-responsive wp-image-1012\" srcset=\"https:\/\/www.educaria.com\/wp-content\/uploads\/2019\/04\/img_educaria_bolitas-150x23.png 150w, https:\/\/www.educaria.com\/wp-content\/uploads\/2019\/04\/img_educaria_bolitas.png 200w\" sizes=\"(max-width: 200px) 100vw, 200px\" \/><\/span><\/div><\/div><\/div><\/div><div class=\"fusion-clearfix\"><\/div><\/div><\/div><\/div><\/div><\/p>\n","protected":false},"excerpt":{"rendered":"","protected":false},"author":1,"featured_media":0,"parent":0,"menu_order":0,"comment_status":"closed","ping_status":"closed","template":"100-width.php","meta":{"footnotes":""},"class_list":["post-2984","page","type-page","status-publish","hentry"],"yoast_head":"<!-- This site is optimized with the Yoast SEO plugin v26.3 - https:\/\/yoast.com\/wordpress\/plugins\/seo\/ -->\r\n<title>Alexia Suite Educativa - Educaria<\/title>\r\n<meta name=\"robots\" content=\"index, follow, max-snippet:-1, max-image-preview:large, max-video-preview:-1\" \/>\r\n<link rel=\"canonical\" href=\"https:\/\/www.educaria.com\/ca\/alexia-suite-educativa\/\" \/>\r\n<meta property=\"og:locale\" content=\"ca_ES\" \/>\r\n<meta property=\"og:type\" content=\"article\" \/>\r\n<meta property=\"og:title\" content=\"Alexia Suite Educativa - Educaria\" \/>\r\n<meta property=\"og:url\" content=\"https:\/\/www.educaria.com\/ca\/alexia-suite-educativa\/\" \/>\r\n<meta property=\"og:site_name\" content=\"Educaria\" \/>\r\n<meta property=\"article:modified_time\" content=\"2023-03-08T07:59:24+00:00\" \/>\r\n<meta property=\"og:image\" content=\"https:\/\/www.educaria.com\/wp-content\/uploads\/video-alexia-portada-vimeo.png\" \/>\r\n<meta name=\"twitter:card\" content=\"summary_large_image\" \/>\r\n<meta name=\"twitter:site\" content=\"@AlexiaEducacion\" \/>\r\n<meta name=\"twitter:label1\" content=\"Temps estimat de lectura\" \/>\n\t<meta name=\"twitter:data1\" content=\"27 minuts\" \/>\r\n<script type=\"application\/ld+json\" class=\"yoast-schema-graph\">{\"@context\":\"https:\/\/schema.org\",\"@graph\":[{\"@type\":\"WebPage\",\"@id\":\"https:\/\/www.educaria.com\/ca\/alexia-suite-educativa\/\",\"url\":\"https:\/\/www.educaria.com\/ca\/alexia-suite-educativa\/\",\"name\":\"Alexia Suite Educativa - Educaria\",\"isPartOf\":{\"@id\":\"https:\/\/www.educaria.com\/#website\"},\"primaryImageOfPage\":{\"@id\":\"https:\/\/www.educaria.com\/ca\/alexia-suite-educativa\/#primaryimage\"},\"image\":{\"@id\":\"https:\/\/www.educaria.com\/ca\/alexia-suite-educativa\/#primaryimage\"},\"thumbnailUrl\":\"https:\/\/www.educaria.com\/wp-content\/uploads\/video-alexia-portada-vimeo.png\",\"datePublished\":\"2022-11-22T11:23:18+00:00\",\"dateModified\":\"2023-03-08T07:59:24+00:00\",\"breadcrumb\":{\"@id\":\"https:\/\/www.educaria.com\/ca\/alexia-suite-educativa\/#breadcrumb\"},\"inLanguage\":\"ca\",\"potentialAction\":[{\"@type\":\"ReadAction\",\"target\":[\"https:\/\/www.educaria.com\/ca\/alexia-suite-educativa\/\"]}]},{\"@type\":\"ImageObject\",\"inLanguage\":\"ca\",\"@id\":\"https:\/\/www.educaria.com\/ca\/alexia-suite-educativa\/#primaryimage\",\"url\":\"https:\/\/www.educaria.com\/wp-content\/uploads\/video-alexia-portada-vimeo.png\",\"contentUrl\":\"https:\/\/www.educaria.com\/wp-content\/uploads\/video-alexia-portada-vimeo.png\"},{\"@type\":\"BreadcrumbList\",\"@id\":\"https:\/\/www.educaria.com\/ca\/alexia-suite-educativa\/#breadcrumb\",\"itemListElement\":[{\"@type\":\"ListItem\",\"position\":1,\"name\":\"Portada\",\"item\":\"https:\/\/www.educaria.com\/ca\/\"},{\"@type\":\"ListItem\",\"position\":2,\"name\":\"Alexia Suite Educativa\"}]},{\"@type\":\"WebSite\",\"@id\":\"https:\/\/www.educaria.com\/#website\",\"url\":\"https:\/\/www.educaria.com\/\",\"name\":\"Educaria\",\"description\":\"M\u00e1s de 50 a\u00f1os desarrollando soluciones TIC para el sector educativo\",\"publisher\":{\"@id\":\"https:\/\/www.educaria.com\/#organization\"},\"potentialAction\":[{\"@type\":\"SearchAction\",\"target\":{\"@type\":\"EntryPoint\",\"urlTemplate\":\"https:\/\/www.educaria.com\/?s={search_term_string}\"},\"query-input\":{\"@type\":\"PropertyValueSpecification\",\"valueRequired\":true,\"valueName\":\"search_term_string\"}}],\"inLanguage\":\"ca\"},{\"@type\":\"Organization\",\"@id\":\"https:\/\/www.educaria.com\/#organization\",\"name\":\"Educaria\",\"url\":\"https:\/\/www.educaria.com\/\",\"logo\":{\"@type\":\"ImageObject\",\"inLanguage\":\"ca\",\"@id\":\"https:\/\/www.educaria.com\/#\/schema\/logo\/image\/\",\"url\":\"https:\/\/www.educaria.com\/wp-content\/uploads\/logo_EDUCARIA_retina_movil.png\",\"contentUrl\":\"https:\/\/www.educaria.com\/wp-content\/uploads\/logo_EDUCARIA_retina_movil.png\",\"width\":400,\"height\":140,\"caption\":\"Educaria\"},\"image\":{\"@id\":\"https:\/\/www.educaria.com\/#\/schema\/logo\/image\/\"},\"sameAs\":[\"https:\/\/x.com\/AlexiaEducacion\",\"https:\/\/www.linkedin.com\/company\/educaria-euro\/\",\"https:\/\/www.youtube.com\/channel\/UCZMVGcQlPf8o0UscOK3cxuA\"]}]}<\/script>\r\n<!-- \/ Yoast SEO plugin. -->","yoast_head_json":{"title":"Alexia Suite Educativa - Educaria","robots":{"index":"index","follow":"follow","max-snippet":"max-snippet:-1","max-image-preview":"max-image-preview:large","max-video-preview":"max-video-preview:-1"},"canonical":"https:\/\/www.educaria.com\/ca\/alexia-suite-educativa\/","og_locale":"ca_ES","og_type":"article","og_title":"Alexia Suite Educativa - Educaria","og_url":"https:\/\/www.educaria.com\/ca\/alexia-suite-educativa\/","og_site_name":"Educaria","article_modified_time":"2023-03-08T07:59:24+00:00","og_image":[{"url":"https:\/\/www.educaria.com\/wp-content\/uploads\/video-alexia-portada-vimeo.png","type":"","width":"","height":""}],"twitter_card":"summary_large_image","twitter_site":"@AlexiaEducacion","twitter_misc":{"Temps estimat de lectura":"27 minuts"},"schema":{"@context":"https:\/\/schema.org","@graph":[{"@type":"WebPage","@id":"https:\/\/www.educaria.com\/ca\/alexia-suite-educativa\/","url":"https:\/\/www.educaria.com\/ca\/alexia-suite-educativa\/","name":"Alexia Suite Educativa - Educaria","isPartOf":{"@id":"https:\/\/www.educaria.com\/#website"},"primaryImageOfPage":{"@id":"https:\/\/www.educaria.com\/ca\/alexia-suite-educativa\/#primaryimage"},"image":{"@id":"https:\/\/www.educaria.com\/ca\/alexia-suite-educativa\/#primaryimage"},"thumbnailUrl":"https:\/\/www.educaria.com\/wp-content\/uploads\/video-alexia-portada-vimeo.png","datePublished":"2022-11-22T11:23:18+00:00","dateModified":"2023-03-08T07:59:24+00:00","breadcrumb":{"@id":"https:\/\/www.educaria.com\/ca\/alexia-suite-educativa\/#breadcrumb"},"inLanguage":"ca","potentialAction":[{"@type":"ReadAction","target":["https:\/\/www.educaria.com\/ca\/alexia-suite-educativa\/"]}]},{"@type":"ImageObject","inLanguage":"ca","@id":"https:\/\/www.educaria.com\/ca\/alexia-suite-educativa\/#primaryimage","url":"https:\/\/www.educaria.com\/wp-content\/uploads\/video-alexia-portada-vimeo.png","contentUrl":"https:\/\/www.educaria.com\/wp-content\/uploads\/video-alexia-portada-vimeo.png"},{"@type":"BreadcrumbList","@id":"https:\/\/www.educaria.com\/ca\/alexia-suite-educativa\/#breadcrumb","itemListElement":[{"@type":"ListItem","position":1,"name":"Portada","item":"https:\/\/www.educaria.com\/ca\/"},{"@type":"ListItem","position":2,"name":"Alexia Suite Educativa"}]},{"@type":"WebSite","@id":"https:\/\/www.educaria.com\/#website","url":"https:\/\/www.educaria.com\/","name":"Educaria","description":"M\u00e1s de 50 a\u00f1os desarrollando soluciones TIC para el sector educativo","publisher":{"@id":"https:\/\/www.educaria.com\/#organization"},"potentialAction":[{"@type":"SearchAction","target":{"@type":"EntryPoint","urlTemplate":"https:\/\/www.educaria.com\/?s={search_term_string}"},"query-input":{"@type":"PropertyValueSpecification","valueRequired":true,"valueName":"search_term_string"}}],"inLanguage":"ca"},{"@type":"Organization","@id":"https:\/\/www.educaria.com\/#organization","name":"Educaria","url":"https:\/\/www.educaria.com\/","logo":{"@type":"ImageObject","inLanguage":"ca","@id":"https:\/\/www.educaria.com\/#\/schema\/logo\/image\/","url":"https:\/\/www.educaria.com\/wp-content\/uploads\/logo_EDUCARIA_retina_movil.png","contentUrl":"https:\/\/www.educaria.com\/wp-content\/uploads\/logo_EDUCARIA_retina_movil.png","width":400,"height":140,"caption":"Educaria"},"image":{"@id":"https:\/\/www.educaria.com\/#\/schema\/logo\/image\/"},"sameAs":["https:\/\/x.com\/AlexiaEducacion","https:\/\/www.linkedin.com\/company\/educaria-euro\/","https:\/\/www.youtube.com\/channel\/UCZMVGcQlPf8o0UscOK3cxuA"]}]}},"_links":{"self":[{"href":"https:\/\/www.educaria.com\/ca\/wp-json\/wp\/v2\/pages\/2984","targetHints":{"allow":["GET"]}}],"collection":[{"href":"https:\/\/www.educaria.com\/ca\/wp-json\/wp\/v2\/pages"}],"about":[{"href":"https:\/\/www.educaria.com\/ca\/wp-json\/wp\/v2\/types\/page"}],"author":[{"embeddable":true,"href":"https:\/\/www.educaria.com\/ca\/wp-json\/wp\/v2\/users\/1"}],"replies":[{"embeddable":true,"href":"https:\/\/www.educaria.com\/ca\/wp-json\/wp\/v2\/comments?post=2984"}],"version-history":[{"count":23,"href":"https:\/\/www.educaria.com\/ca\/wp-json\/wp\/v2\/pages\/2984\/revisions"}],"predecessor-version":[{"id":3943,"href":"https:\/\/www.educaria.com\/ca\/wp-json\/wp\/v2\/pages\/2984\/revisions\/3943"}],"wp:attachment":[{"href":"https:\/\/www.educaria.com\/ca\/wp-json\/wp\/v2\/media?parent=2984"}],"curies":[{"name":"wp","href":"https:\/\/api.w.org\/{rel}","templated":true}]}}